{"id":1364,"date":"2023-12-08T12:52:34","date_gmt":"2023-12-08T11:52:34","guid":{"rendered":"https:\/\/awsm.pl\/?page_id=1364"},"modified":"2024-02-21T09:44:05","modified_gmt":"2024-02-21T08:44:05","slug":"polityka-prywatnosci","status":"publish","type":"page","link":"https:\/\/awsm.pl\/pl\/polityka-prywatnosci\/","title":{"rendered":"Polityka prywatno\u015bci"},"content":{"rendered":"\t\t<div data-elementor-type=\"wp-page\" data-elementor-id=\"1364\" class=\"elementor elementor-1364\">\n\t\t\t\t\t\t<section class=\"elementor-section elementor-top-section elementor-element elementor-element-7d54137 elementor-section-boxed elementor-section-height-default elementor-section-height-default\" data-id=\"7d54137\" data-element_type=\"section\" data-e-type=\"section\">\n\t\t\t\t\t\t<div class=\"elementor-container elementor-column-gap-default\">\n\t\t\t\t\t<div class=\"elementor-column elementor-col-100 elementor-top-column elementor-element elementor-element-eff7ef1\" data-id=\"eff7ef1\" data-element_type=\"column\" data-e-type=\"column\">\n\t\t\t<div class=\"elementor-widget-wrap elementor-element-populated\">\n\t\t\t\t\t\t<div class=\"elementor-element elementor-element-ddffcc1 elementor-widget elementor-widget-header-txt\" data-id=\"ddffcc1\" data-element_type=\"widget\" data-e-type=\"widget\" data-widget_type=\"header-txt.default\">\n\t\t\t\t<div class=\"elementor-widget-container\">\n\t\t\t\t\t<section class=\"section section-header-txt standard-margin-top none-margin-bottom\">\r\n    <div class=\"container\">\r\n                            <div class=\"wysiwyg h1-text two\">\r\n                <p>Polityka <span style=\"text-decoration: underline;\">prywatno\u015bci<\/span><\/p>\n            <\/div>\r\n                <div class=\"container-desc\">\r\n                                    \r\n        <\/div>\r\n    <\/div>\r\n<\/section>\t\t\t\t<\/div>\n\t\t\t\t<\/div>\n\t\t\t\t\t<\/div>\n\t\t<\/div>\n\t\t\t\t\t<\/div>\n\t\t<\/section>\n\t\t\t\t<section class=\"elementor-section elementor-top-section elementor-element elementor-element-5df4b2d elementor-section-boxed elementor-section-height-default elementor-section-height-default\" data-id=\"5df4b2d\" data-element_type=\"section\" data-e-type=\"section\">\n\t\t\t\t\t\t<div class=\"elementor-container elementor-column-gap-default\">\n\t\t\t\t\t<div class=\"elementor-column elementor-col-100 elementor-top-column elementor-element elementor-element-bbb5595\" data-id=\"bbb5595\" data-element_type=\"column\" data-e-type=\"column\">\n\t\t\t<div class=\"elementor-widget-wrap elementor-element-populated\">\n\t\t\t\t\t\t<div class=\"elementor-element elementor-element-2ec368b elementor-widget elementor-widget-wysiwyg-txt\" data-id=\"2ec368b\" data-element_type=\"widget\" data-e-type=\"widget\" data-widget_type=\"wysiwyg-txt.default\">\n\t\t\t\t<div class=\"elementor-widget-container\">\n\t\t\t\t\t<section class=\"section section-wysiwyg-txt none-margin-top standard-margin-bottom\">\r\n    <div class=\"container\">        \r\n                    <div class=\"wysiwyg-txt\">\r\n                <p><b>1. Informacje og\u00f3lne<\/b><\/p>\n<p>\u00a0<\/p>\n<ol>\n<li style=\"list-style-type: none;\">\n<ol>\n<li>Operatorem Serwisu www.awsm.pl jest AWSM Sp. z o.o. \u2013 ul. Reymonta 13, 50-225 Wroc\u0142aw<\/li>\n<li>Serwis realizuje funkcje pozyskiwania informacji o u\u017cytkownikach i ich zachowaniu w nast\u0119puj\u0105cy spos\u00f3b:\n<\/li>\n<\/ol>\n<\/li>\n<\/ol>\n<ul>\n<li style=\"list-style-type: none;\">\n<ul>\n<li style=\"list-style-type: none;\">\n<ul>\n<li>Poprzez dobrowolnie wprowadzone w formularzach informacje<\/li>\n<li>Poprzez zapisywanie w urz\u0105dzeniach ko\u0144cowych pliki cookie (tzw. \u201cciasteczka\u201d).<\/li>\n<li>Poprzez gromadzenie log\u00f3w serwera www przez operatora hostingowego AWSM Sp. z o.o. \u2013 ul. Reymonta 13, 50-225 Wroc\u0142aw, funkcjonuj\u0105cego pod adresem www.awsm.pl<\/li>\n<\/ul>\n<\/li>\n<\/ul>\n<\/li>\n<\/ul>\n<p>\u00a0<\/p>\n<p><b>2. Informacje o formularzach<\/b><\/p>\n<p>\u00a0<\/p>\n<ol>\n<li style=\"list-style-type: none;\">\n<ol>\n<li>Serwis zbiera informacje podane dobrowolnie przez u\u017cytkownika.<\/li>\n<li>Serwis mo\u017ce zapisa\u0107 ponadto informacje o parametrach po\u0142\u0105czenia (oznaczenie czasu, adres IP)<\/li>\n<li>Dane w formularzu nie s\u0105 udost\u0119pniane podmiotom trzecim inaczej, ni\u017c za&nbsp;zgod\u0105 u\u017cytkownika.<\/li>\n<li>Dane podane w formularzu mog\u0105 stanowi\u0107 zbi\u00f3r potencjalnych klient\u00f3w, zarejestrowany przez Operatora Serwisu w rejestrze prowadzonym przez Generalnego Inspektora Ochrony Danych Osobowych.<\/li>\n<li>Dane podane w formularzu s\u0105 przetwarzane w celu wynikaj\u0105cym z funkcji konkretnego formularza, np&nbsp;w celu dokonania procesu obs\u0142ugi zg\u0142oszenia serwisowego lub kontaktu handlowego.<\/li>\n<li>Dane podane w formularzach mog\u0105 by\u0107 przekazane podmiotom technicznie realizuj\u0105cym niekt\u00f3re us\u0142ugi \u2013 w szczeg\u00f3lno\u015bci dotyczy to&nbsp;przekazywania informacji o posiadaczu rejestrowanej domeny do&nbsp;podmiot\u00f3w b\u0119d\u0105cych operatorami domen internetowych (przede wszystkim Naukowa i Akademicka Sie\u0107 Komputerowa j.b.r \u2013 NASK), serwis\u00f3w obs\u0142uguj\u0105cych p\u0142atno\u015bci lub te\u017c innych podmiot\u00f3w, z kt\u00f3rymi Operator Serwisu w tym zakresie wsp\u00f3\u0142pracuje.<\/li>\n<\/ol>\n<\/li>\n<\/ol>\n<p>\u00a0<\/p>\n<p><b>3. Informacja o plikach\u00a0<\/b><b>cookies<\/b><\/p>\n<p>\u00a0<\/p>\n<ul>\n<li style=\"list-style-type: none;\">\n<ul>\n<li>Serwis korzysta z plik\u00f3w cookies.<\/li>\n<li>Pliki cookies (tzw. \u201eciasteczka\u201d) stanowi\u0105 dane informatyczne, w szczeg\u00f3lno\u015bci pliki tekstowe, kt\u00f3re przechowywane s\u0105 w urz\u0105dzeniu ko\u0144cowym U\u017cytkownika Serwisu i przeznaczone s\u0105 do&nbsp;korzystania ze&nbsp;stron internetowych Serwisu. Cookies zazwyczaj zawieraj\u0105 nazw\u0119 strony internetowej, z kt\u00f3rej pochodz\u0105, czas przechowywania ich na&nbsp;urz\u0105dzeniu ko\u0144cowym oraz unikalny numer.<\/li>\n<li>Podmiotem zamieszczaj\u0105cym na&nbsp;urz\u0105dzeniu ko\u0144cowym U\u017cytkownika Serwisu pliki cookies oraz uzyskuj\u0105cym do&nbsp;nich dost\u0119p jest operator Serwisu.<\/li>\n<li>Pliki cookies wykorzystywane s\u0105 w nast\u0119puj\u0105cych celach:<br \/>a. Tworzenia statystyk, kt\u00f3re pomagaj\u0105 zrozumie\u0107 w jaki\u015b spos\u00f3b U\u017cytkownicy Serwisu korzystaj\u0105 ze&nbsp;strony<br \/>b. Utrzymanie sesji U\u017cytkownika Serwisu (po zalogowaniu), dzi\u0119ki kt\u00f3rej u\u017cytkownik nie musi na&nbsp;ka\u017cdej podstronie serwisu ponownie wpisywa\u0107 login i has\u0142o<br \/>c. Okre\u015blnie profilu u\u017cytkownika, w celu wy\u015bwietlania mu&nbsp;dopasowanych materia\u0142\u00f3w w sieciach reklamowy, w szczeg\u00f3lno\u015bci Google<\/li>\n<li>W ramach Serwisu stosowane s\u0105 dwa zasadnicze rodzaje plik\u00f3w cookies: \u201esesyjne\u201d (session cookies) oraz \u201esta\u0142e\u201d (persistent cookies). Cookies \u201esesyjne\u201d s\u0105 plikami tymczasowymi, kt\u00f3re przechowywane s\u0105 w urz\u0105dzeniu ko\u0144cowym U\u017cytkownika do&nbsp;czasu wylogowania, opuszczenia strony internetowej lub wy\u0142\u0105czenia oprogramowania (przegl\u0105darki internetowej). \u201eSta\u0142e\u201d pliki cookies przechowywane s\u0105 w urz\u0105dzeniu ko\u0144cowym U\u017cytkownika przez czas okre\u015blony w parametrach plik\u00f3w cookies lub do&nbsp;czasu ich usuni\u0119cia przez U\u017cytkownika.<\/li>\n<li>Oprogramowanie do&nbsp;przegl\u0105dania stron internetowych (przegl\u0105darka internetowa) zazwyczaj domy\u015blnie dopuszcza przechowywanie plik\u00f3w cookies w urz\u0105dzeniu ko\u0144cowym U\u017cytkownika. U\u017cytkownicy Serwisu mog\u0105 dokona\u0107 zmiany ustawie\u0144 w tym zakresie. Przegl\u0105darka internetowa umo\u017cliwia usuni\u0119cie plik\u00f3w cookies. Mo\u017cliwe jest tak\u017ce automatyczne blokowanie plik\u00f3w cookies Szczeg\u00f3\u0142owe informacje na&nbsp;ten temat zawiera pomoc lub dokumentacja przegl\u0105darki internetowej.<\/li>\n<li>Ograniczenia stosowania plik\u00f3w cookies mog\u0105 wp\u0142yn\u0105\u0107 na&nbsp;niekt\u00f3re funkcjonalno\u015bci dost\u0119pne na&nbsp;stronach internetowych Serwisu.<\/li>\n<li>Pliki cookies zamieszczane w urz\u0105dzeniu ko\u0144cowym U\u017cytkownika Serwisu i wykorzystywane mog\u0105 by\u0107 r\u00f3wnie\u017c przez wsp\u00f3\u0142pracuj\u0105cych z operatorem Serwisu reklamodawc\u00f3w oraz partner\u00f3w.<\/li>\n<li>Zalecamy przeczytanie polityki ochrony prywatno\u015bci tych firm, aby pozna\u0107 zasady korzystania z plik\u00f3w cookie wykorzystywane w statystykach: Polityka ochrony prywatno\u015bci Google Analytics<\/li>\n<li>Pliki cookie mog\u0105 by\u0107 wykorzystane przez sieci reklamowe, w szczeg\u00f3lno\u015bci sie\u0107 Google, do&nbsp;wy\u015bwietlenia reklam dopasowanych do&nbsp;sposobu, w jaki u\u017cytkownik korzysta z Serwisu. W tym celu mog\u0105 zachowa\u0107 informacj\u0119 o \u015bcie\u017cce nawigacji u\u017cytkownika lub czasie pozostawania na&nbsp;danej stronie.<\/li>\n<li>W zakresie informacji o preferencjach u\u017cytkownika gromadzonych przez sie\u0107 reklamow\u0105 Google u\u017cytkownik mo\u017ce przegl\u0105da\u0107 i edytowa\u0107 informacje wynikaj\u0105ce z plik\u00f3w cookies przy pomocy narz\u0119dzia:\u00a0<a href=\"https:\/\/www.google.com\/ads\/preferences\/\">https:\/\/www.google.com\/ads\/preferences\/<\/a><\/li>\n<\/ul>\n<\/li>\n<\/ul>\n<p>\u00a0<\/p>\n<p><strong>4. Hiperlinki \/ odno\u015bniki zewn\u0119trzne<\/strong><\/p>\n<p>\u00a0<\/p>\n<ol>\n<li style=\"list-style-type: none;\">\n<ol>\n<li>Prosimy pami\u0119ta\u0107, \u017ce wszelkie podane zasady i gwarancje udzielane przez AWSM Sp. z o.o. dotycz\u0105 przetwarzania danych oraz danych osobowych w ramach platformy handlowej dost\u0119pnej pod adresem internetowym www.hicron.com. Je\u015bli w serwisie znajduj\u0105 si\u0119 linki zewn\u0119trzne prowadz\u0105ce do&nbsp;innych stron internetowych prosimy o pos\u0142ugiwanie nimi z rozwag\u0105. Po&nbsp;przej\u015bciu na&nbsp;inn\u0105 stron\u0119 (utrzymywan\u0105 poza domen\u0105 www.awsm-systems.pl) zalecamy weryfikacj\u0119 warunk\u00f3w przetwarzania danych osobowych, gdy\u017c mog\u0105 si\u0119 one r\u00f3\u017cni\u0107 od&nbsp;zapewnianych przez AWSM Sp. z o.o.<\/li>\n<\/ol>\n<\/li>\n<\/ol>\n<p>\u00a0<\/p>\n<p><b>5. Komunikacja i zg\u0142aszanie pyta\u0144 lub problem\u00f3w<br \/><\/b><\/p>\n<p>\u00a0<\/p>\n<ol>\n<li style=\"list-style-type: none;\">\n<ol>\n<li>W przypadku wyst\u0105pienia problem\u00f3w z dzia\u0142aniem strony www.awsm-systems.pl prosimy o niezw\u0142oczne powiadomienie nas o zaistnia\u0142ej sytuacji. Prosimy o zabezpieczenie mo\u017cliwie szerokich informacji nt. czasu po\u0142\u0105czenia, posiadanej przegl\u0105darki, sposobu \u0142\u0105czenia si\u0119 z serwisem tam gdzie to&nbsp;mo\u017cliwe wykonanie zdj\u0119cia komunikat\u00f3w dotycz\u0105cych b\u0142\u0119d\u00f3w lub zrzut\u00f3w ekranowych. Takie podej\u015bcie mo\u017ce pom\u00f3c nam w diagnozowaniu zg\u0142aszanego problemu. Przedstawiciel platformy b\u0119dzie kontaktowa\u0142 si\u0119 z Pa\u0144stwem zwrotnie w celu wyja\u015bnienia sytuacji na&nbsp;adres e-mail podany w zg\u0142oszeniu lub telefonicznie.<\/li>\n<\/ol>\n<\/li>\n<\/ol>\n<p>\u00a0<\/p>\n<p><b>6. Zasady przetwarzania danych osobowych<\/b><\/p>\n<p>\u00a0<\/p>\n<ol>\n<li style=\"list-style-type: none;\">\n<ol>\n<li>Administratorem Danych Osobowych jest AWSM Sp. z o.o. z siedzib\u0105 we&nbsp;Wroc\u0142awiu\u202f przy ul. Reymonta 13.<\/li>\n<\/ol>\n<\/li>\n<\/ol>\n<p>\u00a0<\/p>\n<p><b>7. Og\u00f3lna klauzula informacyjna.<\/b><\/p>\n<p>\u00a0<\/p>\n<ol>\n<li style=\"list-style-type: none;\">\n<ol>\n<li>Aktualizacje i zmiany<\/li>\n<\/ol>\n<\/li>\n<\/ol>\n<p>\u00a0<\/p>\n<ul>\n<li style=\"list-style-type: none;\">\n<ul>\n<li style=\"list-style-type: none;\">\n<ul>\n<li>Zmiany i aktualizacje niniejszego dokumentu o ile b\u0119d\u0105 wymagane zostan\u0105 naniesione do&nbsp;kolejnej wersji i zaczn\u0105 obowi\u0105zywa\u0107 od&nbsp;wskazanej daty.<\/li>\n<\/ul>\n<\/li>\n<\/ul>\n<\/li>\n<\/ul>\n            <\/div>\r\n                \r\n    <\/div>\r\n<\/section>\t\t\t\t<\/div>\n\t\t\t\t<\/div>\n\t\t\t\t\t<\/div>\n\t\t<\/div>\n\t\t\t\t\t<\/div>\n\t\t<\/section>\n\t\t\t\t<\/div>\n\t\t","protected":false},"excerpt":{"rendered":"<p>Polityka prywatno\u015bci 1. Informacje og\u00f3lne \u00a0 Operatorem Serwisu www.awsm.pl jest AWSM Sp. z o.o. \u2013 ul. Reymonta 13, 50-225 Wroc\u0142aw Serwis realizuje funkcje pozyskiwania informacji o u\u017cytkownikach i ich zachowaniu w nast\u0119puj\u0105cy spos\u00f3b: Poprzez dobrowolnie wprowadzone w formularzach informacje Poprzez zapisywanie w urz\u0105dzeniach ko\u0144cowych pliki cookie (tzw. \u201cciasteczka\u201d). Poprzez gromadzenie [&hellip;]<\/p>\n","protected":false},"author":2,"featured_media":0,"parent":0,"menu_order":0,"comment_status":"closed","ping_status":"closed","template":"","meta":{"_acf_changed":false},"class_list":["post-1364","page","type-page","status-publish","hentry"],"acf":[],"_links":{"self":[{"href":"https:\/\/awsm.pl\/pl\/wp-json\/wp\/v2\/pages\/1364","targetHints":{"allow":["GET"]}}],"collection":[{"href":"https:\/\/awsm.pl\/pl\/wp-json\/wp\/v2\/pages"}],"about":[{"href":"https:\/\/awsm.pl\/pl\/wp-json\/wp\/v2\/types\/page"}],"author":[{"embeddable":true,"href":"https:\/\/awsm.pl\/pl\/wp-json\/wp\/v2\/users\/2"}],"replies":[{"embeddable":true,"href":"https:\/\/awsm.pl\/pl\/wp-json\/wp\/v2\/comments?post=1364"}],"version-history":[{"count":21,"href":"https:\/\/awsm.pl\/pl\/wp-json\/wp\/v2\/pages\/1364\/revisions"}],"predecessor-version":[{"id":2379,"href":"https:\/\/awsm.pl\/pl\/wp-json\/wp\/v2\/pages\/1364\/revisions\/2379"}],"wp:attachment":[{"href":"https:\/\/awsm.pl\/pl\/wp-json\/wp\/v2\/media?parent=1364"}],"curies":[{"name":"wp","href":"https:\/\/api.w.org\/{rel}","templated":true}]}}