{"id":1261,"date":"2023-12-07T15:27:21","date_gmt":"2023-12-07T14:27:21","guid":{"rendered":"https:\/\/awsm.pl\/?page_id=1261"},"modified":"2026-01-21T12:11:15","modified_gmt":"2026-01-21T11:11:15","slug":"o-nas","status":"publish","type":"page","link":"https:\/\/awsm.pl\/pl\/o-nas\/","title":{"rendered":"O nas"},"content":{"rendered":"\t\t<div data-elementor-type=\"wp-page\" data-elementor-id=\"1261\" class=\"elementor elementor-1261\">\n\t\t\t\t\t\t<section class=\"elementor-section elementor-top-section elementor-element elementor-element-6e5270c elementor-section-boxed elementor-section-height-default elementor-section-height-default\" data-id=\"6e5270c\" data-element_type=\"section\" data-e-type=\"section\">\n\t\t\t\t\t\t<div class=\"elementor-container elementor-column-gap-default\">\n\t\t\t\t\t<div class=\"elementor-column elementor-col-100 elementor-top-column elementor-element elementor-element-e17dd02\" data-id=\"e17dd02\" data-element_type=\"column\" data-e-type=\"column\">\n\t\t\t<div class=\"elementor-widget-wrap elementor-element-populated\">\n\t\t\t\t\t\t<div class=\"elementor-element elementor-element-b77bd1d elementor-widget elementor-widget-header-txt\" data-id=\"b77bd1d\" data-element_type=\"widget\" data-e-type=\"widget\" data-widget_type=\"header-txt.default\">\n\t\t\t\t<div class=\"elementor-widget-container\">\n\t\t\t\t\t<section class=\"section section-header-txt standard-margin-top standard-margin-bottom\">\r\n    <div class=\"container\">\r\n                    <div class=\"small-title semibold\">\r\n                O NAS            <\/div>\r\n                            <div class=\"wysiwyg h1-text two\">\r\n                <p>Jeste\u015bmy AWSM, partner lider\u00f3w<span style=\"text-decoration: underline;\"> szukaj\u0105cy warto\u015bci<\/span> w technologii<\/p>\n            <\/div>\r\n                <div class=\"container-desc\">\r\n                            <div class=\"h5-text\">\r\n                    Wierzymy, \u017ce sukces w tworzeniu i rozwijaniu system\u00f3w opiera si\u0119 nie tylko na&nbsp;zaawansowanych technologiach, ale r\u00f3wnie\u017c na&nbsp;solidnej podstawie komunikacji mi\u0119dzyludzkiej.                <\/div>\r\n                                        <div class=\"desc font-family2 light\">\r\n                    Uwa\u017camy, \u017ce komunikacja jest kluczowym elementem, kt\u00f3ry umo\u017cliwia efektywn\u0105 wsp\u00f3\u0142prac\u0119 oraz osi\u0105ganie doskona\u0142ych wynik\u00f3w. Dlatego te\u017c, razem z naszymi Partnerami, opracowali\u015bmy proces budowania zespo\u0142\u00f3w, kt\u00f3ry k\u0142adzie r\u00f3wny nacisk na&nbsp;rozwijanie zar\u00f3wno umiej\u0119tno\u015bci technicznych, jak i kompetencji mi\u0119kkich.\n<br><br>\nNasza zdolno\u015b\u0107 do&nbsp;efektywnej komunikacji jest fundamentem naszych relacji z Partnerami. Posiadamy zrozumienie i umiej\u0119tno\u015b\u0107 pracy w wielokulturowym \u015brodowisku, co&nbsp;pozwala nam z \u0142atwo\u015bci\u0105 porusza\u0107 si\u0119 w r\u00f3\u017cnych j\u0119zykach i kulturowych kontekstach.\n<br><br>\nNasze transparentne podej\u015bcie do&nbsp;komunikacji oznacza, \u017ce nasi Partnerzy mog\u0105 liczy\u0107 na&nbsp;pe\u0142n\u0105 przejrzysto\u015b\u0107 i uczciwo\u015b\u0107 w naszych dzia\u0142aniach. Dzi\u0119ki temu tworzymy atmosfer\u0119, w kt\u00f3rej nasi Partnerzy czuj\u0105 si\u0119 komfortowo i bezpiecznie.                <\/div>\r\n                        \r\n        <\/div>\r\n    <\/div>\r\n<\/section>\t\t\t\t<\/div>\n\t\t\t\t<\/div>\n\t\t\t\t<div class=\"elementor-element elementor-element-d178455 elementor-widget elementor-widget-numbers\" data-id=\"d178455\" data-element_type=\"widget\" data-e-type=\"widget\" data-widget_type=\"numbers.default\">\n\t\t\t\t<div class=\"elementor-widget-container\">\n\t\t\t\t\t<section\r\n    class=\"section section-numbers none-margin-top none-margin-bottom\">\r\n    <div class=\"container\">\r\n        <div class=\"custom-grid\">           \r\n                                    <div class=\"numbers-single\">\r\n                                                    <div class=\"el-number wysiwyg two\">\r\n                                <span>\r\n                                    <p><span style=\"text-decoration: underline;\">16 lat<\/span><\/p>\n                                <\/span>                                \r\n                            <\/div>\r\n                                                        <div class=\"el-desc normal font-family2\">                               \r\n                                do\u015bwiadczenia w budowaniu skutecznych rozwi\u0105za\u0144 dla biznesu                            <\/div>\r\n                                                <\/div>\r\n                                        <div class=\"numbers-single\">\r\n                                                    <div class=\"el-number wysiwyg two\">\r\n                                <span>\r\n                                    <p><span style=\"text-decoration: underline;\">+140<\/span><\/p>\n                                <\/span>                                \r\n                            <\/div>\r\n                                                        <div class=\"el-desc normal font-family2\">                               \r\n                                zrealizowanych projekt\u00f3w w bran\u017cy finansowej                            <\/div>\r\n                                                <\/div>\r\n                                <\/div>\r\n    <\/div>\r\n<\/section>\t\t\t\t<\/div>\n\t\t\t\t<\/div>\n\t\t\t\t\t<\/div>\n\t\t<\/div>\n\t\t\t\t\t<\/div>\n\t\t<\/section>\n\t\t\t\t<section class=\"elementor-section elementor-top-section elementor-element elementor-element-ad362a1 elementor-section-boxed elementor-section-height-default elementor-section-height-default\" data-id=\"ad362a1\" data-element_type=\"section\" data-e-type=\"section\">\n\t\t\t\t\t\t<div class=\"elementor-container elementor-column-gap-default\">\n\t\t\t\t\t<div class=\"elementor-column elementor-col-100 elementor-top-column elementor-element elementor-element-f114ac9\" data-id=\"f114ac9\" data-element_type=\"column\" data-e-type=\"column\">\n\t\t\t<div class=\"elementor-widget-wrap elementor-element-populated\">\n\t\t\t\t\t\t<div class=\"elementor-element elementor-element-0f05a48 elementor-widget elementor-widget-image-single\" data-id=\"0f05a48\" data-element_type=\"widget\" data-e-type=\"widget\" data-widget_type=\"image-single.default\">\n\t\t\t\t<div class=\"elementor-widget-container\">\n\t\t\t\t\t<section class=\"section section-image-single standard-margin-top none-margin-bottom\">\r\n            <div class=\"image-container\">\r\n            <img fetchpriority=\"high\" decoding=\"async\" width=\"1437\" height=\"500\" src=\"https:\/\/awsm.pl\/wp-content\/uploads\/2023\/12\/cherrydeck-UpsEF48wAgk-unsplash-1-1-1437x500.jpg\" class=\"attachment-bigImage size-bigImage\" alt=\"\" srcset=\"https:\/\/awsm.pl\/wp-content\/uploads\/2023\/12\/cherrydeck-UpsEF48wAgk-unsplash-1-1-1437x500.jpg 1437w, https:\/\/awsm.pl\/wp-content\/uploads\/2023\/12\/cherrydeck-UpsEF48wAgk-unsplash-1-1-300x104.jpg 300w, https:\/\/awsm.pl\/wp-content\/uploads\/2023\/12\/cherrydeck-UpsEF48wAgk-unsplash-1-1-768x267.jpg 768w, https:\/\/awsm.pl\/wp-content\/uploads\/2023\/12\/cherrydeck-UpsEF48wAgk-unsplash-1-1-1024x356.jpg 1024w, https:\/\/awsm.pl\/wp-content\/uploads\/2023\/12\/cherrydeck-UpsEF48wAgk-unsplash-1-1-48x17.jpg 48w, https:\/\/awsm.pl\/wp-content\/uploads\/2023\/12\/cherrydeck-UpsEF48wAgk-unsplash-1-1-110x38.jpg 110w, https:\/\/awsm.pl\/wp-content\/uploads\/2023\/12\/cherrydeck-UpsEF48wAgk-unsplash-1-1-180x63.jpg 180w, https:\/\/awsm.pl\/wp-content\/uploads\/2023\/12\/cherrydeck-UpsEF48wAgk-unsplash-1-1-1000x348.jpg 1000w, https:\/\/awsm.pl\/wp-content\/uploads\/2023\/12\/cherrydeck-UpsEF48wAgk-unsplash-1-1-700x244.jpg 700w, https:\/\/awsm.pl\/wp-content\/uploads\/2023\/12\/cherrydeck-UpsEF48wAgk-unsplash-1-1-310x108.jpg 310w, https:\/\/awsm.pl\/wp-content\/uploads\/2023\/12\/cherrydeck-UpsEF48wAgk-unsplash-1-1-600x209.jpg 600w, https:\/\/awsm.pl\/wp-content\/uploads\/2023\/12\/cherrydeck-UpsEF48wAgk-unsplash-1-1-870x303.jpg 870w, https:\/\/awsm.pl\/wp-content\/uploads\/2023\/12\/cherrydeck-UpsEF48wAgk-unsplash-1-1.jpg 1440w\" sizes=\"(max-width: 1437px) 100vw, 1437px\" \/>        <\/div>\r\n        <\/div>\r\n<\/section>\t\t\t\t<\/div>\n\t\t\t\t<\/div>\n\t\t\t\t\t<\/div>\n\t\t<\/div>\n\t\t\t\t\t<\/div>\n\t\t<\/section>\n\t\t\t\t<section class=\"elementor-section elementor-top-section elementor-element elementor-element-f8b9bc3 elementor-section-boxed elementor-section-height-default elementor-section-height-default\" data-id=\"f8b9bc3\" data-element_type=\"section\" data-e-type=\"section\">\n\t\t\t\t\t\t<div class=\"elementor-container elementor-column-gap-default\">\n\t\t\t\t\t<div class=\"elementor-column elementor-col-100 elementor-top-column elementor-element elementor-element-8e847e6\" data-id=\"8e847e6\" data-element_type=\"column\" data-e-type=\"column\">\n\t\t\t<div class=\"elementor-widget-wrap elementor-element-populated\">\n\t\t\t\t\t\t<div class=\"elementor-element elementor-element-47155f5 elementor-widget elementor-widget-header-txt\" data-id=\"47155f5\" data-element_type=\"widget\" data-e-type=\"widget\" data-widget_type=\"header-txt.default\">\n\t\t\t\t<div class=\"elementor-widget-container\">\n\t\t\t\t\t<section class=\"section section-header-txt standard-margin-top none-margin-bottom\">\r\n    <div class=\"container\">\r\n                            <div class=\"wysiwyg h1-text one\">\r\n                <p>Z dum\u0105 pracujemy dla\u2028<\/p>\n<p><span style=\"text-decoration: underline;\">najlepszych<\/span><\/p>\n            <\/div>\r\n                <div class=\"container-desc\">\r\n                            <div class=\"h5-text\">\r\n                    Od pocz\u0105tku istnienia firmy realizujemy projekty naszych zagranicznych Partner\u00f3w z du\u017cym zaanga\u017cowaniem.                <\/div>\r\n                                        <div class=\"desc font-family2 light\">\r\n                    Nasze relacje s\u0105 oparte na&nbsp;solidnej pracy, sprawnej komunikacji i odpowiedzialno\u015bci. Do\u015bwiadczenie pokazuje, \u017ce s\u0105 to&nbsp;solidne fundamenty kt\u00f3re s\u0105 w stanie przetrwa\u0107 bran\u017cowe sztormy i \u015bwiatowe kryzysy.\n\nJeste\u015bmy dumni i jednocze\u015bnie wdzi\u0119czni, \u017ce mo\u017cemy pracowa\u0107 dla presti\u017cowych klient\u00f3w i wspiera\u0107 ich w realizacji ich cel\u00f3w.                <\/div>\r\n                        \r\n        <\/div>\r\n    <\/div>\r\n<\/section>\t\t\t\t<\/div>\n\t\t\t\t<\/div>\n\t\t\t\t\t<\/div>\n\t\t<\/div>\n\t\t\t\t\t<\/div>\n\t\t<\/section>\n\t\t\t\t<section class=\"elementor-section elementor-top-section elementor-element elementor-element-5462a99 elementor-section-boxed elementor-section-height-default elementor-section-height-default\" data-id=\"5462a99\" data-element_type=\"section\" data-e-type=\"section\">\n\t\t\t\t\t\t<div class=\"elementor-container elementor-column-gap-default\">\n\t\t\t\t\t<div class=\"elementor-column elementor-col-100 elementor-top-column elementor-element elementor-element-a76f8b6\" data-id=\"a76f8b6\" data-element_type=\"column\" data-e-type=\"column\">\n\t\t\t<div class=\"elementor-widget-wrap elementor-element-populated\">\n\t\t\t\t\t\t<div class=\"elementor-element elementor-element-0987eaf elementor-widget elementor-widget-company-logo\" data-id=\"0987eaf\" data-element_type=\"widget\" data-e-type=\"widget\" data-widget_type=\"company-logo.default\">\n\t\t\t\t<div class=\"elementor-widget-container\">\n\t\t\t\t\t<section class=\"section section-company-logo standard-margin-top standard-margin-bottom\">\r\n    <div id=\"logos\">\r\n        <div id=\"logos-content\">\r\n            <div id=\"logos-in\" class=\"anim\">\r\n                <div class=\"logos-container\"><span class=\"logo-img\"><img decoding=\"async\" width=\"143\" height=\"73\" src=\"https:\/\/awsm.pl\/wp-content\/uploads\/2023\/12\/msg-1-e1581941444670-1.svg\" class=\"attachment-logos size-logos\" alt=\"\" \/><\/span><span class=\"logo-img\"><img decoding=\"async\" width=\"165\" height=\"84\" src=\"https:\/\/awsm.pl\/wp-content\/uploads\/2023\/12\/munich-1-1.svg\" class=\"attachment-logos size-logos\" alt=\"\" \/><\/span><span class=\"logo-img\"><img loading=\"lazy\" decoding=\"async\" width=\"175\" height=\"87\" src=\"https:\/\/awsm.pl\/wp-content\/uploads\/2023\/12\/concordia-1-2.svg\" class=\"attachment-logos size-logos\" alt=\"\" \/><\/span><span class=\"logo-img\"><img loading=\"lazy\" decoding=\"async\" width=\"119\" height=\"62\" src=\"https:\/\/awsm.pl\/wp-content\/uploads\/2023\/12\/cropped-ottonova-e-1-1.svg\" class=\"attachment-logos size-logos\" alt=\"\" \/><\/span><span class=\"logo-img\"><img loading=\"lazy\" decoding=\"async\" width=\"179\" height=\"90\" src=\"https:\/\/awsm.pl\/wp-content\/uploads\/2023\/12\/inter-1-1.svg\" class=\"attachment-logos size-logos\" alt=\"\" \/><\/span><span class=\"logo-img\"><img loading=\"lazy\" decoding=\"async\" width=\"158\" height=\"80\" src=\"https:\/\/awsm.pl\/wp-content\/uploads\/2023\/12\/central-1-2.svg\" class=\"attachment-logos size-logos\" alt=\"\" \/><\/span><span class=\"logo-img\"><img loading=\"lazy\" decoding=\"async\" width=\"178\" height=\"90\" src=\"https:\/\/awsm.pl\/wp-content\/uploads\/2023\/12\/concordia-1-1.svg\" class=\"attachment-logos size-logos\" alt=\"\" \/><\/span><\/div><div class=\"logos-container\"><span class=\"logo-img\"><img decoding=\"async\" width=\"143\" height=\"73\" src=\"https:\/\/awsm.pl\/wp-content\/uploads\/2023\/12\/msg-1-e1581941444670-1.svg\" class=\"attachment-logos size-logos\" alt=\"\" \/><\/span><span class=\"logo-img\"><img decoding=\"async\" width=\"165\" height=\"84\" src=\"https:\/\/awsm.pl\/wp-content\/uploads\/2023\/12\/munich-1-1.svg\" class=\"attachment-logos size-logos\" alt=\"\" \/><\/span><span class=\"logo-img\"><img loading=\"lazy\" decoding=\"async\" width=\"175\" height=\"87\" src=\"https:\/\/awsm.pl\/wp-content\/uploads\/2023\/12\/concordia-1-2.svg\" class=\"attachment-logos size-logos\" alt=\"\" \/><\/span><span class=\"logo-img\"><img loading=\"lazy\" decoding=\"async\" width=\"119\" height=\"62\" src=\"https:\/\/awsm.pl\/wp-content\/uploads\/2023\/12\/cropped-ottonova-e-1-1.svg\" class=\"attachment-logos size-logos\" alt=\"\" \/><\/span><span class=\"logo-img\"><img loading=\"lazy\" decoding=\"async\" width=\"179\" height=\"90\" src=\"https:\/\/awsm.pl\/wp-content\/uploads\/2023\/12\/inter-1-1.svg\" class=\"attachment-logos size-logos\" alt=\"\" \/><\/span><span class=\"logo-img\"><img loading=\"lazy\" decoding=\"async\" width=\"158\" height=\"80\" src=\"https:\/\/awsm.pl\/wp-content\/uploads\/2023\/12\/central-1-2.svg\" class=\"attachment-logos size-logos\" alt=\"\" \/><\/span><span class=\"logo-img\"><img loading=\"lazy\" decoding=\"async\" width=\"178\" height=\"90\" src=\"https:\/\/awsm.pl\/wp-content\/uploads\/2023\/12\/concordia-1-1.svg\" class=\"attachment-logos size-logos\" alt=\"\" \/><\/span><\/div><div class=\"logos-container\"><span class=\"logo-img\"><img decoding=\"async\" width=\"143\" height=\"73\" src=\"https:\/\/awsm.pl\/wp-content\/uploads\/2023\/12\/msg-1-e1581941444670-1.svg\" class=\"attachment-logos size-logos\" alt=\"\" \/><\/span><span class=\"logo-img\"><img decoding=\"async\" width=\"165\" height=\"84\" src=\"https:\/\/awsm.pl\/wp-content\/uploads\/2023\/12\/munich-1-1.svg\" class=\"attachment-logos size-logos\" alt=\"\" \/><\/span><span class=\"logo-img\"><img loading=\"lazy\" decoding=\"async\" width=\"175\" height=\"87\" src=\"https:\/\/awsm.pl\/wp-content\/uploads\/2023\/12\/concordia-1-2.svg\" class=\"attachment-logos size-logos\" alt=\"\" \/><\/span><span class=\"logo-img\"><img loading=\"lazy\" decoding=\"async\" width=\"119\" height=\"62\" src=\"https:\/\/awsm.pl\/wp-content\/uploads\/2023\/12\/cropped-ottonova-e-1-1.svg\" class=\"attachment-logos size-logos\" alt=\"\" \/><\/span><span class=\"logo-img\"><img loading=\"lazy\" decoding=\"async\" width=\"179\" height=\"90\" src=\"https:\/\/awsm.pl\/wp-content\/uploads\/2023\/12\/inter-1-1.svg\" class=\"attachment-logos size-logos\" alt=\"\" \/><\/span><span class=\"logo-img\"><img loading=\"lazy\" decoding=\"async\" width=\"158\" height=\"80\" src=\"https:\/\/awsm.pl\/wp-content\/uploads\/2023\/12\/central-1-2.svg\" class=\"attachment-logos size-logos\" alt=\"\" \/><\/span><span class=\"logo-img\"><img loading=\"lazy\" decoding=\"async\" width=\"178\" height=\"90\" src=\"https:\/\/awsm.pl\/wp-content\/uploads\/2023\/12\/concordia-1-1.svg\" class=\"attachment-logos size-logos\" alt=\"\" \/><\/span><\/div><div class=\"logos-container\"><span class=\"logo-img\"><img decoding=\"async\" width=\"143\" height=\"73\" src=\"https:\/\/awsm.pl\/wp-content\/uploads\/2023\/12\/msg-1-e1581941444670-1.svg\" class=\"attachment-logos size-logos\" alt=\"\" \/><\/span><span class=\"logo-img\"><img decoding=\"async\" width=\"165\" height=\"84\" src=\"https:\/\/awsm.pl\/wp-content\/uploads\/2023\/12\/munich-1-1.svg\" class=\"attachment-logos size-logos\" alt=\"\" \/><\/span><span class=\"logo-img\"><img loading=\"lazy\" decoding=\"async\" width=\"175\" height=\"87\" src=\"https:\/\/awsm.pl\/wp-content\/uploads\/2023\/12\/concordia-1-2.svg\" class=\"attachment-logos size-logos\" alt=\"\" \/><\/span><span class=\"logo-img\"><img loading=\"lazy\" decoding=\"async\" width=\"119\" height=\"62\" src=\"https:\/\/awsm.pl\/wp-content\/uploads\/2023\/12\/cropped-ottonova-e-1-1.svg\" class=\"attachment-logos size-logos\" alt=\"\" \/><\/span><span class=\"logo-img\"><img loading=\"lazy\" decoding=\"async\" width=\"179\" height=\"90\" src=\"https:\/\/awsm.pl\/wp-content\/uploads\/2023\/12\/inter-1-1.svg\" class=\"attachment-logos size-logos\" alt=\"\" \/><\/span><span class=\"logo-img\"><img loading=\"lazy\" decoding=\"async\" width=\"158\" height=\"80\" src=\"https:\/\/awsm.pl\/wp-content\/uploads\/2023\/12\/central-1-2.svg\" class=\"attachment-logos size-logos\" alt=\"\" \/><\/span><span class=\"logo-img\"><img loading=\"lazy\" decoding=\"async\" width=\"178\" height=\"90\" src=\"https:\/\/awsm.pl\/wp-content\/uploads\/2023\/12\/concordia-1-1.svg\" class=\"attachment-logos size-logos\" alt=\"\" \/><\/span><\/div><div class=\"logos-container\"><span class=\"logo-img\"><img decoding=\"async\" width=\"143\" height=\"73\" src=\"https:\/\/awsm.pl\/wp-content\/uploads\/2023\/12\/msg-1-e1581941444670-1.svg\" class=\"attachment-logos size-logos\" alt=\"\" \/><\/span><span class=\"logo-img\"><img decoding=\"async\" width=\"165\" height=\"84\" src=\"https:\/\/awsm.pl\/wp-content\/uploads\/2023\/12\/munich-1-1.svg\" class=\"attachment-logos size-logos\" alt=\"\" \/><\/span><span class=\"logo-img\"><img loading=\"lazy\" decoding=\"async\" width=\"175\" height=\"87\" src=\"https:\/\/awsm.pl\/wp-content\/uploads\/2023\/12\/concordia-1-2.svg\" class=\"attachment-logos size-logos\" alt=\"\" \/><\/span><span class=\"logo-img\"><img loading=\"lazy\" decoding=\"async\" width=\"119\" height=\"62\" src=\"https:\/\/awsm.pl\/wp-content\/uploads\/2023\/12\/cropped-ottonova-e-1-1.svg\" class=\"attachment-logos size-logos\" alt=\"\" \/><\/span><span class=\"logo-img\"><img loading=\"lazy\" decoding=\"async\" width=\"179\" height=\"90\" src=\"https:\/\/awsm.pl\/wp-content\/uploads\/2023\/12\/inter-1-1.svg\" class=\"attachment-logos size-logos\" alt=\"\" \/><\/span><span class=\"logo-img\"><img loading=\"lazy\" decoding=\"async\" width=\"158\" height=\"80\" src=\"https:\/\/awsm.pl\/wp-content\/uploads\/2023\/12\/central-1-2.svg\" class=\"attachment-logos size-logos\" alt=\"\" \/><\/span><span class=\"logo-img\"><img loading=\"lazy\" decoding=\"async\" width=\"178\" height=\"90\" src=\"https:\/\/awsm.pl\/wp-content\/uploads\/2023\/12\/concordia-1-1.svg\" class=\"attachment-logos size-logos\" alt=\"\" \/><\/span><\/div><div class=\"logos-container\"><span class=\"logo-img\"><img decoding=\"async\" width=\"143\" height=\"73\" src=\"https:\/\/awsm.pl\/wp-content\/uploads\/2023\/12\/msg-1-e1581941444670-1.svg\" class=\"attachment-logos size-logos\" alt=\"\" \/><\/span><span class=\"logo-img\"><img decoding=\"async\" width=\"165\" height=\"84\" src=\"https:\/\/awsm.pl\/wp-content\/uploads\/2023\/12\/munich-1-1.svg\" class=\"attachment-logos size-logos\" alt=\"\" \/><\/span><span class=\"logo-img\"><img loading=\"lazy\" decoding=\"async\" width=\"175\" height=\"87\" src=\"https:\/\/awsm.pl\/wp-content\/uploads\/2023\/12\/concordia-1-2.svg\" class=\"attachment-logos size-logos\" alt=\"\" \/><\/span><span class=\"logo-img\"><img loading=\"lazy\" decoding=\"async\" width=\"119\" height=\"62\" src=\"https:\/\/awsm.pl\/wp-content\/uploads\/2023\/12\/cropped-ottonova-e-1-1.svg\" class=\"attachment-logos size-logos\" alt=\"\" \/><\/span><span class=\"logo-img\"><img loading=\"lazy\" decoding=\"async\" width=\"179\" height=\"90\" src=\"https:\/\/awsm.pl\/wp-content\/uploads\/2023\/12\/inter-1-1.svg\" class=\"attachment-logos size-logos\" alt=\"\" \/><\/span><span class=\"logo-img\"><img loading=\"lazy\" decoding=\"async\" width=\"158\" height=\"80\" src=\"https:\/\/awsm.pl\/wp-content\/uploads\/2023\/12\/central-1-2.svg\" class=\"attachment-logos size-logos\" alt=\"\" \/><\/span><span class=\"logo-img\"><img loading=\"lazy\" decoding=\"async\" width=\"178\" height=\"90\" src=\"https:\/\/awsm.pl\/wp-content\/uploads\/2023\/12\/concordia-1-1.svg\" class=\"attachment-logos size-logos\" alt=\"\" \/><\/span><\/div>\r\n            <\/div>\r\n        <\/div>\r\n    <\/div>\r\n<\/section>\t\t\t\t<\/div>\n\t\t\t\t<\/div>\n\t\t\t\t\t<\/div>\n\t\t<\/div>\n\t\t\t\t\t<\/div>\n\t\t<\/section>\n\t\t\t\t<section class=\"elementor-section elementor-top-section elementor-element elementor-element-9b6243e elementor-section-boxed elementor-section-height-default elementor-section-height-default\" data-id=\"9b6243e\" data-element_type=\"section\" data-e-type=\"section\">\n\t\t\t\t\t\t<div class=\"elementor-container elementor-column-gap-default\">\n\t\t\t\t\t<div class=\"elementor-column elementor-col-100 elementor-top-column elementor-element elementor-element-a92be47\" data-id=\"a92be47\" data-element_type=\"column\" data-e-type=\"column\">\n\t\t\t<div class=\"elementor-widget-wrap elementor-element-populated\">\n\t\t\t\t\t\t<div class=\"elementor-element elementor-element-893f6eb elementor-widget elementor-widget-contact-link\" data-id=\"893f6eb\" data-element_type=\"widget\" data-e-type=\"widget\" data-widget_type=\"contact-link.default\">\n\t\t\t\t<div class=\"elementor-widget-container\">\n\t\t\t\t\t\r\n\r\n<section\r\n    class=\"section section-contact-link small-margin-top small-margin-bottom\">\r\n    <div class=\"container  bottom\">\r\n                    <div class=\"wysiwyg h2-text color-1\">\r\n                <p>Zainteresowany wsp\u00f3\u0142prac\u0105?<\/p>            <\/div>\r\n                            <a href=\" https:\/\/awsm.pl\/pl\/kontakt\/\" class=\"link-4\" >\r\n                Porozmawiajmy            <\/a>\r\n            <\/div>\r\n<\/section>\t\t\t\t<\/div>\n\t\t\t\t<\/div>\n\t\t\t\t\t<\/div>\n\t\t<\/div>\n\t\t\t\t\t<\/div>\n\t\t<\/section>\n\t\t\t\t<\/div>\n\t\t","protected":false},"excerpt":{"rendered":"<p>O NAS Jeste\u015bmy AWSM, partner lider\u00f3w szukaj\u0105cy warto\u015bci w technologii Wierzymy, \u017ce sukces w tworzeniu i rozwijaniu system\u00f3w opiera si\u0119 nie tylko na&nbsp;zaawansowanych technologiach, ale r\u00f3wnie\u017c na&nbsp;solidnej podstawie komunikacji mi\u0119dzyludzkiej. Uwa\u017camy, \u017ce komunikacja jest kluczowym elementem, kt\u00f3ry umo\u017cliwia efektywn\u0105 wsp\u00f3\u0142prac\u0119 oraz osi\u0105ganie doskona\u0142ych wynik\u00f3w. Dlatego te\u017c, razem z naszymi Partnerami, [&hellip;]<\/p>\n","protected":false},"author":2,"featured_media":0,"parent":0,"menu_order":0,"comment_status":"closed","ping_status":"closed","template":"","meta":{"_acf_changed":false},"class_list":["post-1261","page","type-page","status-publish","hentry"],"acf":[],"_links":{"self":[{"href":"https:\/\/awsm.pl\/pl\/wp-json\/wp\/v2\/pages\/1261","targetHints":{"allow":["GET"]}}],"collection":[{"href":"https:\/\/awsm.pl\/pl\/wp-json\/wp\/v2\/pages"}],"about":[{"href":"https:\/\/awsm.pl\/pl\/wp-json\/wp\/v2\/types\/page"}],"author":[{"embeddable":true,"href":"https:\/\/awsm.pl\/pl\/wp-json\/wp\/v2\/users\/2"}],"replies":[{"embeddable":true,"href":"https:\/\/awsm.pl\/pl\/wp-json\/wp\/v2\/comments?post=1261"}],"version-history":[{"count":43,"href":"https:\/\/awsm.pl\/pl\/wp-json\/wp\/v2\/pages\/1261\/revisions"}],"predecessor-version":[{"id":3238,"href":"https:\/\/awsm.pl\/pl\/wp-json\/wp\/v2\/pages\/1261\/revisions\/3238"}],"wp:attachment":[{"href":"https:\/\/awsm.pl\/pl\/wp-json\/wp\/v2\/media?parent=1261"}],"curies":[{"name":"wp","href":"https:\/\/api.w.org\/{rel}","templated":true}]}}