{"id":1127,"date":"2023-12-06T14:53:52","date_gmt":"2023-12-06T13:53:52","guid":{"rendered":"https:\/\/awsm.pl\/?page_id=1127"},"modified":"2024-03-10T13:19:22","modified_gmt":"2024-03-10T12:19:22","slug":"uslugi","status":"publish","type":"page","link":"https:\/\/awsm.pl\/pl\/uslugi\/","title":{"rendered":"Us\u0142ugi"},"content":{"rendered":"\t\t<div data-elementor-type=\"wp-page\" data-elementor-id=\"1127\" class=\"elementor elementor-1127\">\n\t\t\t\t\t\t<section class=\"elementor-section elementor-top-section elementor-element elementor-element-31db5a5 elementor-section-boxed elementor-section-height-default elementor-section-height-default\" data-id=\"31db5a5\" data-element_type=\"section\" data-e-type=\"section\">\n\t\t\t\t\t\t<div class=\"elementor-container elementor-column-gap-default\">\n\t\t\t\t\t<div class=\"elementor-column elementor-col-100 elementor-top-column elementor-element elementor-element-bab722b\" data-id=\"bab722b\" data-element_type=\"column\" data-e-type=\"column\">\n\t\t\t<div class=\"elementor-widget-wrap elementor-element-populated\">\n\t\t\t\t\t\t<div class=\"elementor-element elementor-element-2e60eb2 elementor-widget elementor-widget-header-txt\" data-id=\"2e60eb2\" data-element_type=\"widget\" data-e-type=\"widget\" data-widget_type=\"header-txt.default\">\n\t\t\t\t<div class=\"elementor-widget-container\">\n\t\t\t\t\t<section class=\"section section-header-txt standard-margin-top none-margin-bottom\">\r\n    <div class=\"container\">\r\n                    <div class=\"small-title semibold\">\r\n                US\u0141UGI            <\/div>\r\n                            <div class=\"wysiwyg h1-text one\">\r\n                <p>Modele <span style=\"text-decoration: underline;\">wsp\u00f3\u0142pracy<\/span><\/p>\n            <\/div>\r\n                <div class=\"container-desc\">\r\n                                    \r\n        <\/div>\r\n    <\/div>\r\n<\/section>\t\t\t\t<\/div>\n\t\t\t\t<\/div>\n\t\t\t\t\t<\/div>\n\t\t<\/div>\n\t\t\t\t\t<\/div>\n\t\t<\/section>\n\t\t\t\t<section class=\"elementor-section elementor-top-section elementor-element elementor-element-55f1714 elementor-section-boxed elementor-section-height-default elementor-section-height-default\" data-id=\"55f1714\" data-element_type=\"section\" data-e-type=\"section\">\n\t\t\t\t\t\t<div class=\"elementor-container elementor-column-gap-default\">\n\t\t\t\t\t<div class=\"elementor-column elementor-col-100 elementor-top-column elementor-element elementor-element-466ac51\" data-id=\"466ac51\" data-element_type=\"column\" data-e-type=\"column\">\n\t\t\t<div class=\"elementor-widget-wrap elementor-element-populated\">\n\t\t\t\t\t\t<div class=\"elementor-element elementor-element-a8f51e7 elementor-widget elementor-widget-chessboard\" data-id=\"a8f51e7\" data-element_type=\"widget\" data-e-type=\"widget\" data-widget_type=\"chessboard.default\">\n\t\t\t\t<div class=\"elementor-widget-container\">\n\t\t\t\t\t<section\r\n    class=\"section section-chessboard none-margin-top none-margin-bottom\">\r\n    <div class=\"container\">\r\n        <div class=\"chessboard-container\">\r\n                            <div class=\"single-container-chessboard left\">\r\n                    <div class=\"container-desc\">\r\n                                                    <div class=\"ico-wrap\">\r\n                                <img decoding=\"async\" width=\"110\" height=\"110\" src=\"https:\/\/awsm.pl\/wp-content\/uploads\/2023\/12\/Frame-3013.svg\" class=\"attachment-verySmallImage size-verySmallImage\" alt=\"\" \/>                            <\/div>\r\n                                                    <div class='title medium h3-text'>\r\n                                Realizacja projekt\u00f3w                            <\/div>\r\n                                                        <div class='desc font-family2 h5-text light'>\r\n                                Analizujemy, planujemy i realizujemy prac\u0119. Nie musisz si\u0119 martwi\u0107 o zarz\u0105dzanie projektem czy zespo\u0142em.                            <\/div>\r\n                                                        <a href=\" https:\/\/awsm.pl\/pl\/uslugi\/realizacja-projektow\/\" class=\"\">\r\n                                <img decoding=\"async\" src=\"https:\/\/awsm.pl\/wp-content\/themes\/awsm\/images\/arr-circle-nx-black.svg\" alt=\"\">\r\n                            <\/a>\r\n                                            <\/div>\r\n                                            <div class=\"image-wrap\">\r\n                            <img decoding=\"async\" width=\"1\" height=\"1\" src=\"https:\/\/awsm.pl\/wp-content\/uploads\/2024\/03\/Projekt-bez-nazwy-1.svg\" class=\"attachment-sq-photo size-sq-photo\" alt=\"\" \/>                        <\/div>\r\n                                    <\/div>\r\n                                <div class=\"single-container-chessboard right\">\r\n                    <div class=\"container-desc\">\r\n                                                    <div class=\"ico-wrap\">\r\n                                <img decoding=\"async\" width=\"110\" height=\"110\" src=\"https:\/\/awsm.pl\/wp-content\/uploads\/2023\/12\/Frame-3013-2.svg\" class=\"attachment-verySmallImage size-verySmallImage\" alt=\"\" \/>                            <\/div>\r\n                                                    <div class='title medium h3-text'>\r\n                                Outsourcing zespo\u0142u                            <\/div>\r\n                                                        <div class='desc font-family2 h5-text light'>\r\n                                Zbudujemy kompetentny zesp\u00f3\u0142, kt\u00f3ry pod Twoim przyw\u00f3dztwem osi\u0105gnie zaplanowany cel.                            <\/div>\r\n                                                        <a href=\" https:\/\/awsm.pl\/pl\/uslugi\/outsourcing-zespolu\/\" class=\"\">\r\n                                <img decoding=\"async\" src=\"https:\/\/awsm.pl\/wp-content\/themes\/awsm\/images\/arr-circle-nx-black.svg\" alt=\"\">\r\n                            <\/a>\r\n                                            <\/div>\r\n                                            <div class=\"image-wrap\">\r\n                            <img loading=\"lazy\" decoding=\"async\" width=\"1\" height=\"1\" src=\"https:\/\/awsm.pl\/wp-content\/uploads\/2024\/03\/Projekt-bez-nazwy-3.svg\" class=\"attachment-sq-photo size-sq-photo\" alt=\"\" \/>                        <\/div>\r\n                                    <\/div>\r\n                                <div class=\"single-container-chessboard left\">\r\n                    <div class=\"container-desc\">\r\n                                                    <div class=\"ico-wrap\">\r\n                                <img decoding=\"async\" width=\"110\" height=\"110\" src=\"https:\/\/awsm.pl\/wp-content\/uploads\/2023\/12\/Frame-3013-2.svg\" class=\"attachment-verySmallImage size-verySmallImage\" alt=\"\" \/>                            <\/div>\r\n                                                    <div class='title medium h3-text'>\r\n                                Outsourcing specjalist\u00f3w                            <\/div>\r\n                                                        <div class='desc font-family2 h5-text light'>\r\n                                Nasi specjali\u015bcie do\u0142\u0105cz\u0105 do&nbsp;Twojego zespo\u0142u i uzupe\u0142ni\u0105 brakuj\u0105ce kompetencje do&nbsp;realizacji zadania.                            <\/div>\r\n                                                        <a href=\" https:\/\/awsm.pl\/pl\/uslugi\/outsourcing-specjalistow\/\" class=\"\">\r\n                                <img decoding=\"async\" src=\"https:\/\/awsm.pl\/wp-content\/themes\/awsm\/images\/arr-circle-nx-black.svg\" alt=\"\">\r\n                            <\/a>\r\n                                            <\/div>\r\n                                            <div class=\"image-wrap\">\r\n                            <img loading=\"lazy\" decoding=\"async\" width=\"1\" height=\"1\" src=\"https:\/\/awsm.pl\/wp-content\/uploads\/2024\/03\/Projekt-bez-nazwy-4.svg\" class=\"attachment-sq-photo size-sq-photo\" alt=\"\" \/>                        <\/div>\r\n                                    <\/div>\r\n                        <\/div>\r\n    <\/div>\r\n<\/section>\t\t\t\t<\/div>\n\t\t\t\t<\/div>\n\t\t\t\t\t<\/div>\n\t\t<\/div>\n\t\t\t\t\t<\/div>\n\t\t<\/section>\n\t\t\t\t<\/div>\n\t\t","protected":false},"excerpt":{"rendered":"<p>US\u0141UGI Modele wsp\u00f3\u0142pracy Realizacja projekt\u00f3w Analizujemy, planujemy i realizujemy prac\u0119. Nie musisz si\u0119 martwi\u0107 o zarz\u0105dzanie projektem czy zespo\u0142em. Outsourcing zespo\u0142u Zbudujemy kompetentny zesp\u00f3\u0142, kt\u00f3ry pod Twoim przyw\u00f3dztwem osi\u0105gnie zaplanowany cel. Outsourcing specjalist\u00f3w Nasi specjali\u015bcie do\u0142\u0105cz\u0105 do&nbsp;Twojego zespo\u0142u i uzupe\u0142ni\u0105 brakuj\u0105ce kompetencje do&nbsp;realizacji zadania.<\/p>\n","protected":false},"author":2,"featured_media":0,"parent":0,"menu_order":0,"comment_status":"closed","ping_status":"closed","template":"","meta":{"_acf_changed":false},"class_list":["post-1127","page","type-page","status-publish","hentry"],"acf":[],"_links":{"self":[{"href":"https:\/\/awsm.pl\/pl\/wp-json\/wp\/v2\/pages\/1127","targetHints":{"allow":["GET"]}}],"collection":[{"href":"https:\/\/awsm.pl\/pl\/wp-json\/wp\/v2\/pages"}],"about":[{"href":"https:\/\/awsm.pl\/pl\/wp-json\/wp\/v2\/types\/page"}],"author":[{"embeddable":true,"href":"https:\/\/awsm.pl\/pl\/wp-json\/wp\/v2\/users\/2"}],"replies":[{"embeddable":true,"href":"https:\/\/awsm.pl\/pl\/wp-json\/wp\/v2\/comments?post=1127"}],"version-history":[{"count":45,"href":"https:\/\/awsm.pl\/pl\/wp-json\/wp\/v2\/pages\/1127\/revisions"}],"predecessor-version":[{"id":2569,"href":"https:\/\/awsm.pl\/pl\/wp-json\/wp\/v2\/pages\/1127\/revisions\/2569"}],"wp:attachment":[{"href":"https:\/\/awsm.pl\/pl\/wp-json\/wp\/v2\/media?parent=1127"}],"curies":[{"name":"wp","href":"https:\/\/api.w.org\/{rel}","templated":true}]}}