{"id":1742,"date":"2023-12-07T09:49:27","date_gmt":"2023-12-07T08:49:27","guid":{"rendered":"https:\/\/awsm.pl\/kontakt\/"},"modified":"2024-04-03T06:53:56","modified_gmt":"2024-04-03T04:53:56","slug":"kontakt","status":"publish","type":"page","link":"https:\/\/awsm.pl\/de\/kontakt\/","title":{"rendered":"Kontakt"},"content":{"rendered":"\t\t<div data-elementor-type=\"wp-page\" data-elementor-id=\"1742\" class=\"elementor elementor-1742 elementor-1173\">\n\t\t\t\t\t\t<section class=\"elementor-section elementor-top-section elementor-element elementor-element-2a44990 elementor-section-boxed elementor-section-height-default elementor-section-height-default\" data-id=\"2a44990\" data-element_type=\"section\" data-e-type=\"section\">\n\t\t\t\t\t\t<div class=\"elementor-container elementor-column-gap-default\">\n\t\t\t\t\t<div class=\"elementor-column elementor-col-100 elementor-top-column elementor-element elementor-element-9ae913b\" data-id=\"9ae913b\" data-element_type=\"column\" data-e-type=\"column\">\n\t\t\t<div class=\"elementor-widget-wrap elementor-element-populated\">\n\t\t\t\t\t\t<div class=\"elementor-element elementor-element-257ecc5 elementor-widget elementor-widget-header-txt\" data-id=\"257ecc5\" data-element_type=\"widget\" data-e-type=\"widget\" data-widget_type=\"header-txt.default\">\n\t\t\t\t<div class=\"elementor-widget-container\">\n\t\t\t\t\t<section class=\"section section-header-txt standard-margin-top none-margin-bottom\">\r\n    <div class=\"container\">\r\n                    <div class=\"small-title semibold\">\r\n                KONTAKT            <\/div>\r\n                            <div class=\"wysiwyg h1-text two\">\r\n                <p>Interessiert an&nbsp;einer<\/p>\n<p><span style=\"text-decoration: underline;\">Zusammenarbeit?<\/span><\/p>\n            <\/div>\r\n                <div class=\"container-desc\">\r\n                                    \r\n        <\/div>\r\n    <\/div>\r\n<\/section>\t\t\t\t<\/div>\n\t\t\t\t<\/div>\n\t\t\t\t\t<\/div>\n\t\t<\/div>\n\t\t\t\t\t<\/div>\n\t\t<\/section>\n\t\t\t\t<section class=\"elementor-section elementor-top-section elementor-element elementor-element-2967afe elementor-section-boxed elementor-section-height-default elementor-section-height-default\" data-id=\"2967afe\" data-element_type=\"section\" data-e-type=\"section\">\n\t\t\t\t\t\t<div class=\"elementor-container elementor-column-gap-default\">\n\t\t\t\t\t<div class=\"elementor-column elementor-col-100 elementor-top-column elementor-element elementor-element-024ffc5\" data-id=\"024ffc5\" data-element_type=\"column\" data-e-type=\"column\">\n\t\t\t<div class=\"elementor-widget-wrap elementor-element-populated\">\n\t\t\t\t\t\t<div class=\"elementor-element elementor-element-505476e elementor-widget elementor-widget-contact\" data-id=\"505476e\" data-element_type=\"widget\" data-e-type=\"widget\" data-widget_type=\"contact.default\">\n\t\t\t\t<div class=\"elementor-widget-container\">\n\t\t\t\t\t<section class=\"section section-contact small-margin-top standard-margin-bottom\">\r\n    <div class=\"container\">\r\n        <div class='form-grid'>\r\n            <div class=\"container-data\">\r\n                                    <div class=\"wysiwyg normal\">\r\n                        <h5>Sie k\u00f6nnen uns auch per E-Mail oder telefonisch erreichen:<\/h5>\n<p>\u00a0<\/p>\n<h4><strong><a href=\"mailto:info@awsm.pl\">info@awsm.pl<\/a><\/strong><\/h4>\n<h4><strong><a href=\"tel:+48717000399\">+48 71 70 00 399<\/a><\/strong><\/h4>\n<h4><strong><a href=\"tel:+4915201450475\">+49 152 014 504 75<\/a><\/strong><\/h4>\n<p>\u00a0<\/p>\n<h5>Oder besuchen Sie uns pers\u00f6nlich:<\/h5>\n<p>\u00a0<\/p>\n<h4><strong>Str. Reymonta 13 <\/strong><\/h4>\n<h4><strong>50-225 Wroc\u0142aw<\/strong><\/h4>\n<p>\u00a0<\/p>\n<h5>NIP 8971852483<\/h5>\n<h5>REGON 369568157<\/h5>\n<h5>KRS 0000720611<\/h5>\n                    <\/div>\r\n                                    <div class=\"ceo medium\">\r\n                        <div class=\"ceo-image\">\r\n                            <img decoding=\"async\" width=\"167\" height=\"167\" src=\"https:\/\/awsm.pl\/wp-content\/uploads\/2023\/12\/Ellipse-36.svg\" class=\"attachment-small-photo size-small-photo\" alt=\"\" \/>                        <\/div>\r\n                        <div class=\"ceo-in\">\r\n                            <h5>Marek Bugiel<\/h5>\n<p>CEO<\/p>\n<h6><a href=\"mailto:m.bugiel@awsm.pl\">m.bugiel@awsm.pl<\/a><\/h6>\n<p>\u00a0<\/p>\n<p>\u00a0<\/p>\n                        <\/div>\r\n                    <\/div>\r\n                            <\/div>\r\n            <div class=\"container-form\">\r\n                <img decoding=\"async\" src=\"https:\/\/awsm.pl\/wp-content\/themes\/awsm\/images\/polygon1.svg\" alt=\"\">\r\n                        <div class=\"form-container form-contact_form\" data-class-send=\"contact_form-send\">\n            <div class=\"form\">\n\t\t\t\t                    <div class=\"form-group form-group-data-1\">\n\t\t\t\t\t\t                            <div class=\"form-field field-name type-text\">\n\t\t\t\t\t\t\t\t                                    <input id=\"field-69e670a6b5a8f\" name=\"name\" class=\"req\" type=\"text\"  placeholder=\"Name*\"   required>\n\t\t\t\t\t\t\t\t\t                            <\/div>\n\t\t\t\t\t\t\t                            <div class=\"form-field field-email type-email type-text\">\n\t\t\t\t\t\t\t\t                                    <input id=\"field-69e670a6b5a93\" name=\"email\" class=\"req email\" type=\"email\"  placeholder=\"Email*\"   required>\n\t\t\t\t\t\t\t\t\t                            <\/div>\n\t\t\t\t\t\t\t                            <div class=\"form-field field-message type-textarea\">\n\t\t\t\t\t\t\t\t                                    <textarea id=\"field-69e670a6b5a95\" name=\"message\" class=\"req\"  placeholder=\"Inhalt der Nachricht*\" required><\/textarea>\n\t\t\t\t\t\t\t\t\t                            <\/div>\n\t\t\t\t\t\t\t                    <\/div>\n\t\t\t\t\t                    <div class=\"form-group form-group-0\">\n\t\t\t\t\t\t                            <div class=\"form-field field-checkbox_1 type-checkbox\">\n\t\t\t\t\t\t\t\t\t\t\t\t\t\t\t\t\t\t\t\t\t\t\t\t\t\t                                        <label class=\"el-label\" for=\"field-69e670a6b5a98\">\n\t\t\t\t\t\t\t\t\t\t                                    <input id=\"field-69e670a6b5a98\" name=\"checkbox_1\" class=\"req checkbox\" type=\"checkbox\" required>\n\t\t\t\t\t\t\t\t\t                                        <span class=\"label\">Ich erkl\u00e4re mich hiermit damit einverstanden, dass meine personenbezogenen Daten zur Bearbeitung der von mir \u00fcber das Kontaktformular gesendeten Anfrage verarbeitet werden. Mir ist bekannt, dass AWSM der Datenverantwortliche f\u00fcr meine personenbezogenen Daten sein wird und dass die Angabe meiner Daten freiwillig ist. Ich habe das Recht, auf die Inhalte meiner Daten zuzugreifen, sie zu korrigieren, der Verarbeitung zu widersprechen und ihre L\u00f6schung zu beantragen.<\/span>\n\t\t\t\t\t\t\t\t\t\t                                        <\/label>\n\t\t\t\t\t\t\t\t\t\t                            <\/div>\n\t\t\t\t\t\t\t                    <\/div>\n\t\t\t\t\t                <div class=\"form-field form-submit\">\n                    <input name=\"form-confirm\" type=\"hidden\" value=\"\" \/>\n                    <input name=\"form-type\" type=\"hidden\" value=\"contact_form\" \/>\n\t\t\t\t\t                    <span class=\"submit-btn link button-send link-3\"><span>Nachricht senden<\/span><span><\/span><\/span>\n                <\/div>\n\t\t\t\t            <\/div>\n            <div class=\"form-re\">\n                <div class=\"ok\">\n\t\t\t\t\t<div class=\"one\">Vielen Dank f\u00fcr die Anfrage<\/div><div class=\"two h5-text light font-family2\">Sie werden innerhalb von 24 Stunden kontaktiert, um&nbsp;einen Termin mit unserem Berater zu&nbsp;vereinbaren.<\/div>                <\/div>\n                <div class=\"err\">\n\t\t\t\t\tBeim Absenden des Formulars ist ein Fehler aufgetreten. Bitte kontaktieren Sie uns per Telefon.                <\/div>\n            <\/div>\n        <\/div>\n\t\t            <\/div>\r\n        <\/div>\r\n    <\/div>\r\n<\/section>\t\t\t\t<\/div>\n\t\t\t\t<\/div>\n\t\t\t\t\t<\/div>\n\t\t<\/div>\n\t\t\t\t\t<\/div>\n\t\t<\/section>\n\t\t\t\t<\/div>\n\t\t","protected":false},"excerpt":{"rendered":"<p>KONTAKT Interessiert an&nbsp;einer Zusammenarbeit? Sie k\u00f6nnen uns auch per E-Mail oder telefonisch erreichen: \u00a0 info@awsm.pl +48 71 70 00 399 +49 152 014 504 75 \u00a0 Oder besuchen Sie uns pers\u00f6nlich: \u00a0 Str. Reymonta 13 50-225 Wroc\u0142aw \u00a0 NIP 8971852483 REGON 369568157 KRS 0000720611 Marek Bugiel CEO m.bugiel@awsm.pl \u00a0 \u00a0 [&hellip;]<\/p>\n","protected":false},"author":2,"featured_media":0,"parent":0,"menu_order":0,"comment_status":"closed","ping_status":"closed","template":"","meta":{"_acf_changed":false},"class_list":["post-1742","page","type-page","status-publish","hentry"],"acf":[],"_links":{"self":[{"href":"https:\/\/awsm.pl\/de\/wp-json\/wp\/v2\/pages\/1742","targetHints":{"allow":["GET"]}}],"collection":[{"href":"https:\/\/awsm.pl\/de\/wp-json\/wp\/v2\/pages"}],"about":[{"href":"https:\/\/awsm.pl\/de\/wp-json\/wp\/v2\/types\/page"}],"author":[{"embeddable":true,"href":"https:\/\/awsm.pl\/de\/wp-json\/wp\/v2\/users\/2"}],"replies":[{"embeddable":true,"href":"https:\/\/awsm.pl\/de\/wp-json\/wp\/v2\/comments?post=1742"}],"version-history":[{"count":12,"href":"https:\/\/awsm.pl\/de\/wp-json\/wp\/v2\/pages\/1742\/revisions"}],"predecessor-version":[{"id":3111,"href":"https:\/\/awsm.pl\/de\/wp-json\/wp\/v2\/pages\/1742\/revisions\/3111"}],"wp:attachment":[{"href":"https:\/\/awsm.pl\/de\/wp-json\/wp\/v2\/media?parent=1742"}],"curies":[{"name":"wp","href":"https:\/\/api.w.org\/{rel}","templated":true}]}}