{"id":1740,"date":"2023-12-07T15:27:21","date_gmt":"2023-12-07T14:27:21","guid":{"rendered":"https:\/\/awsm.pl\/o-nas\/"},"modified":"2026-01-21T12:10:22","modified_gmt":"2026-01-21T11:10:22","slug":"ueber-uns","status":"publish","type":"page","link":"https:\/\/awsm.pl\/de\/ueber-uns\/","title":{"rendered":"\u00dcber uns"},"content":{"rendered":"\t\t<div data-elementor-type=\"wp-page\" data-elementor-id=\"1740\" class=\"elementor elementor-1740 elementor-1261\">\n\t\t\t\t\t\t<section class=\"elementor-section elementor-top-section elementor-element elementor-element-6e5270c elementor-section-boxed elementor-section-height-default elementor-section-height-default\" data-id=\"6e5270c\" data-element_type=\"section\" data-e-type=\"section\">\n\t\t\t\t\t\t<div class=\"elementor-container elementor-column-gap-default\">\n\t\t\t\t\t<div class=\"elementor-column elementor-col-100 elementor-top-column elementor-element elementor-element-e17dd02\" data-id=\"e17dd02\" data-element_type=\"column\" data-e-type=\"column\">\n\t\t\t<div class=\"elementor-widget-wrap\">\n\t\t\t\t\t\t\t<\/div>\n\t\t<\/div>\n\t\t\t\t\t<\/div>\n\t\t<\/section>\n\t\t\t\t<section class=\"elementor-section elementor-top-section elementor-element elementor-element-ad362a1 elementor-section-boxed elementor-section-height-default elementor-section-height-default\" data-id=\"ad362a1\" data-element_type=\"section\" data-e-type=\"section\">\n\t\t\t\t\t\t<div class=\"elementor-container elementor-column-gap-default\">\n\t\t\t\t\t<div class=\"elementor-column elementor-col-100 elementor-top-column elementor-element elementor-element-f114ac9\" data-id=\"f114ac9\" data-element_type=\"column\" data-e-type=\"column\">\n\t\t\t<div class=\"elementor-widget-wrap elementor-element-populated\">\n\t\t\t\t\t\t<div class=\"elementor-element elementor-element-b77bd1d elementor-widget elementor-widget-header-txt\" data-id=\"b77bd1d\" data-element_type=\"widget\" data-e-type=\"widget\" data-widget_type=\"header-txt.default\">\n\t\t\t\t<div class=\"elementor-widget-container\">\n\t\t\t\t\t<section class=\"section section-header-txt standard-margin-top standard-margin-bottom\">\r\n    <div class=\"container\">\r\n                    <div class=\"small-title semibold\">\r\n                \u00dcber Uns            <\/div>\r\n                            <div class=\"wysiwyg h1-text two\">\r\n                <p>Wir sind AWSM, Ihr Partner auf der <span style=\"text-decoration: underline;\">suche nach Werten<\/span> in&nbsp;der Technologie-Welt<\/p>\n            <\/div>\r\n                <div class=\"container-desc\">\r\n                            <div class=\"h5-text\">\r\n                    F\u00fcr uns bei AWSM ist Erfolg in&nbsp;der Technologie nicht nur auf fortschrittliche Technologien, sondern auch auf eine starke zwischenmenschliche Kommunikation zur\u00fcckzuf\u00fchren.                <\/div>\r\n                                        <div class=\"desc font-family2 light\">\r\n                    Wir glauben, dass Kommunikation der Schl\u00fcssel zu&nbsp;einer effektiven Zusammenarbeit und herausragenden Ergebnissen ist. Daher haben wir gemeinsam mit unseren Partnern einen Team-Building-Prozess entwickelt, der gleicherma\u00dfen auf die Entwicklung von technischen F\u00e4higkeiten und Soft Skills Wert legt.\n<br><br>\nUnsere F\u00e4higkeit zur effektiven Kommunikation bildet das Fundament unserer Zusammenarbeit mit Partnern. Wir verf\u00fcgen \u00fcber Verst\u00e4ndnis und die F\u00e4higkeit, in&nbsp;einem multikulturellen Umfeld zu&nbsp;arbeiten, was es&nbsp;uns erm\u00f6glicht, m\u00fchelos in&nbsp;verschiedenen Sprachen und kulturellen Kontexten zu&nbsp;agieren.\n<br><br>\nUnser transparenter Ansatz zur Kommunikation bedeutet, dass unsere Partner auf volle Transparenz und Ehrlichkeit in&nbsp;unseren Handlungen z\u00e4hlen k\u00f6nnen. Auf diese Weise schaffen wir eine Atmosph\u00e4re, in&nbsp;der sich unsere Partner wohl und sicher f\u00fchlen.                <\/div>\r\n                        \r\n        <\/div>\r\n    <\/div>\r\n<\/section>\t\t\t\t<\/div>\n\t\t\t\t<\/div>\n\t\t\t\t\t<\/div>\n\t\t<\/div>\n\t\t\t\t\t<\/div>\n\t\t<\/section>\n\t\t\t\t<section class=\"elementor-section elementor-top-section elementor-element elementor-element-f8b9bc3 elementor-section-boxed elementor-section-height-default elementor-section-height-default\" data-id=\"f8b9bc3\" data-element_type=\"section\" data-e-type=\"section\">\n\t\t\t\t\t\t<div class=\"elementor-container elementor-column-gap-default\">\n\t\t\t\t\t<div class=\"elementor-column elementor-col-100 elementor-top-column elementor-element elementor-element-8e847e6\" data-id=\"8e847e6\" data-element_type=\"column\" data-e-type=\"column\">\n\t\t\t<div class=\"elementor-widget-wrap elementor-element-populated\">\n\t\t\t\t\t\t<div class=\"elementor-element elementor-element-d178455 elementor-widget elementor-widget-numbers\" data-id=\"d178455\" data-element_type=\"widget\" data-e-type=\"widget\" data-widget_type=\"numbers.default\">\n\t\t\t\t<div class=\"elementor-widget-container\">\n\t\t\t\t\t<section\r\n    class=\"section section-numbers none-margin-top none-margin-bottom\">\r\n    <div class=\"container\">\r\n        <div class=\"custom-grid\">           \r\n                                    <div class=\"numbers-single\">\r\n                                                    <div class=\"el-number wysiwyg two\">\r\n                                <span>\r\n                                    <p><span style=\"text-decoration: underline;\">16 Jahre<\/span><\/p>\n                                <\/span>                                \r\n                            <\/div>\r\n                                                        <div class=\"el-desc normal font-family2\">                               \r\n                                Erfahrung in&nbsp;der Entwicklung effektiver L\u00f6sungen f\u00fcr Unternehmen                            <\/div>\r\n                                                <\/div>\r\n                                        <div class=\"numbers-single\">\r\n                                                    <div class=\"el-number wysiwyg two\">\r\n                                <span>\r\n                                    <p><span style=\"text-decoration: underline;\">+140<\/span><\/p>\n                                <\/span>                                \r\n                            <\/div>\r\n                                                        <div class=\"el-desc normal font-family2\">                               \r\n                                Abgeschlossene Projekte in&nbsp;der Finanzbranche                            <\/div>\r\n                                                <\/div>\r\n                                <\/div>\r\n    <\/div>\r\n<\/section>\t\t\t\t<\/div>\n\t\t\t\t<\/div>\n\t\t\t\t<div class=\"elementor-element elementor-element-0f05a48 elementor-widget elementor-widget-image-single\" data-id=\"0f05a48\" data-element_type=\"widget\" data-e-type=\"widget\" data-widget_type=\"image-single.default\">\n\t\t\t\t<div class=\"elementor-widget-container\">\n\t\t\t\t\t<section class=\"section section-image-single standard-margin-top none-margin-bottom\">\r\n            <div class=\"image-container\">\r\n            <img fetchpriority=\"high\" decoding=\"async\" width=\"1437\" height=\"500\" src=\"https:\/\/awsm.pl\/wp-content\/uploads\/2023\/12\/cherrydeck-UpsEF48wAgk-unsplash-1-1-1437x500.jpg\" class=\"attachment-bigImage size-bigImage\" alt=\"\" srcset=\"https:\/\/awsm.pl\/wp-content\/uploads\/2023\/12\/cherrydeck-UpsEF48wAgk-unsplash-1-1-1437x500.jpg 1437w, https:\/\/awsm.pl\/wp-content\/uploads\/2023\/12\/cherrydeck-UpsEF48wAgk-unsplash-1-1-300x104.jpg 300w, https:\/\/awsm.pl\/wp-content\/uploads\/2023\/12\/cherrydeck-UpsEF48wAgk-unsplash-1-1-768x267.jpg 768w, https:\/\/awsm.pl\/wp-content\/uploads\/2023\/12\/cherrydeck-UpsEF48wAgk-unsplash-1-1-1024x356.jpg 1024w, https:\/\/awsm.pl\/wp-content\/uploads\/2023\/12\/cherrydeck-UpsEF48wAgk-unsplash-1-1-48x17.jpg 48w, https:\/\/awsm.pl\/wp-content\/uploads\/2023\/12\/cherrydeck-UpsEF48wAgk-unsplash-1-1-110x38.jpg 110w, https:\/\/awsm.pl\/wp-content\/uploads\/2023\/12\/cherrydeck-UpsEF48wAgk-unsplash-1-1-180x63.jpg 180w, https:\/\/awsm.pl\/wp-content\/uploads\/2023\/12\/cherrydeck-UpsEF48wAgk-unsplash-1-1-1000x348.jpg 1000w, https:\/\/awsm.pl\/wp-content\/uploads\/2023\/12\/cherrydeck-UpsEF48wAgk-unsplash-1-1-700x244.jpg 700w, https:\/\/awsm.pl\/wp-content\/uploads\/2023\/12\/cherrydeck-UpsEF48wAgk-unsplash-1-1-310x108.jpg 310w, https:\/\/awsm.pl\/wp-content\/uploads\/2023\/12\/cherrydeck-UpsEF48wAgk-unsplash-1-1-600x209.jpg 600w, https:\/\/awsm.pl\/wp-content\/uploads\/2023\/12\/cherrydeck-UpsEF48wAgk-unsplash-1-1-870x303.jpg 870w, https:\/\/awsm.pl\/wp-content\/uploads\/2023\/12\/cherrydeck-UpsEF48wAgk-unsplash-1-1.jpg 1440w\" sizes=\"(max-width: 1437px) 100vw, 1437px\" \/>        <\/div>\r\n        <\/div>\r\n<\/section>\t\t\t\t<\/div>\n\t\t\t\t<\/div>\n\t\t\t\t<div class=\"elementor-element elementor-element-47155f5 elementor-widget elementor-widget-header-txt\" data-id=\"47155f5\" data-element_type=\"widget\" data-e-type=\"widget\" data-widget_type=\"header-txt.default\">\n\t\t\t\t<div class=\"elementor-widget-container\">\n\t\t\t\t\t<section class=\"section section-header-txt standard-margin-top none-margin-bottom\">\r\n    <div class=\"container\">\r\n                            <div class=\"wysiwyg h1-text one\">\r\n                <p>Mit Stolz arbeiten wir f\u00fcr<\/p>\n<p><span style=\"text-decoration: underline;\">die Besten<\/span><\/p>\n            <\/div>\r\n                <div class=\"container-desc\">\r\n                            <div class=\"h5-text\">\r\n                    Seit unserer Gr\u00fcndung setzen wir Projekte unserer internationalen Partner mit gro\u00dfer Hingabe um                <\/div>\r\n                                        <div class=\"desc font-family2 light\">\r\n                    Unsere Rela\u00adtionen beruhen auf harter Arbeit, effektiver Kommuni\u00adkation und Verantwortlich\u00adkeit. Erfahrung zeigt, dass dies solide Grundlagen sind, die in&nbsp;der Lage sind, branchenweite St\u00fcrme und weltweite Krisen zu&nbsp;\u00fcberstehen.\n\nWir sind stolz und gleichzeitig dankbar, f\u00fcr renommierte Kunden arbeiten zu&nbsp;d\u00fcrfen und sie bei der Verwirklichung ihrer Ziele zu&nbsp;unterst\u00fctzen.                <\/div>\r\n                        \r\n        <\/div>\r\n    <\/div>\r\n<\/section>\t\t\t\t<\/div>\n\t\t\t\t<\/div>\n\t\t\t\t\t<\/div>\n\t\t<\/div>\n\t\t\t\t\t<\/div>\n\t\t<\/section>\n\t\t\t\t<section class=\"elementor-section elementor-top-section elementor-element elementor-element-5462a99 elementor-section-boxed elementor-section-height-default elementor-section-height-default\" data-id=\"5462a99\" data-element_type=\"section\" data-e-type=\"section\">\n\t\t\t\t\t\t<div class=\"elementor-container elementor-column-gap-default\">\n\t\t\t\t\t<div class=\"elementor-column elementor-col-100 elementor-top-column elementor-element elementor-element-a76f8b6\" data-id=\"a76f8b6\" data-element_type=\"column\" data-e-type=\"column\">\n\t\t\t<div class=\"elementor-widget-wrap elementor-element-populated\">\n\t\t\t\t\t\t<div class=\"elementor-element elementor-element-0987eaf elementor-widget elementor-widget-company-logo\" data-id=\"0987eaf\" data-element_type=\"widget\" data-e-type=\"widget\" data-widget_type=\"company-logo.default\">\n\t\t\t\t<div class=\"elementor-widget-container\">\n\t\t\t\t\t<section class=\"section section-company-logo standard-margin-top standard-margin-bottom\">\r\n    <div id=\"logos\">\r\n        <div id=\"logos-content\">\r\n            <div id=\"logos-in\" class=\"anim\">\r\n                <div class=\"logos-container\"><span class=\"logo-img\"><img decoding=\"async\" width=\"143\" height=\"73\" src=\"https:\/\/awsm.pl\/wp-content\/uploads\/2023\/12\/msg-1-e1581941444670-1.svg\" class=\"attachment-logos size-logos\" alt=\"\" \/><\/span><span class=\"logo-img\"><img decoding=\"async\" width=\"165\" height=\"84\" src=\"https:\/\/awsm.pl\/wp-content\/uploads\/2023\/12\/munich-1-1.svg\" class=\"attachment-logos size-logos\" alt=\"\" \/><\/span><span class=\"logo-img\"><img loading=\"lazy\" decoding=\"async\" width=\"175\" height=\"87\" src=\"https:\/\/awsm.pl\/wp-content\/uploads\/2023\/12\/concordia-1-2.svg\" class=\"attachment-logos size-logos\" alt=\"\" \/><\/span><span class=\"logo-img\"><img loading=\"lazy\" decoding=\"async\" width=\"119\" height=\"62\" src=\"https:\/\/awsm.pl\/wp-content\/uploads\/2023\/12\/cropped-ottonova-e-1-1.svg\" class=\"attachment-logos size-logos\" alt=\"\" \/><\/span><span class=\"logo-img\"><img loading=\"lazy\" decoding=\"async\" width=\"179\" height=\"90\" src=\"https:\/\/awsm.pl\/wp-content\/uploads\/2023\/12\/inter-1-1.svg\" class=\"attachment-logos size-logos\" alt=\"\" \/><\/span><span class=\"logo-img\"><img loading=\"lazy\" decoding=\"async\" width=\"158\" height=\"80\" src=\"https:\/\/awsm.pl\/wp-content\/uploads\/2023\/12\/central-1-2.svg\" class=\"attachment-logos size-logos\" alt=\"\" \/><\/span><span class=\"logo-img\"><img loading=\"lazy\" decoding=\"async\" width=\"178\" height=\"90\" src=\"https:\/\/awsm.pl\/wp-content\/uploads\/2023\/12\/concordia-1-1.svg\" class=\"attachment-logos size-logos\" alt=\"\" \/><\/span><\/div><div class=\"logos-container\"><span class=\"logo-img\"><img decoding=\"async\" width=\"143\" height=\"73\" src=\"https:\/\/awsm.pl\/wp-content\/uploads\/2023\/12\/msg-1-e1581941444670-1.svg\" class=\"attachment-logos size-logos\" alt=\"\" \/><\/span><span class=\"logo-img\"><img decoding=\"async\" width=\"165\" height=\"84\" src=\"https:\/\/awsm.pl\/wp-content\/uploads\/2023\/12\/munich-1-1.svg\" class=\"attachment-logos size-logos\" alt=\"\" \/><\/span><span class=\"logo-img\"><img loading=\"lazy\" decoding=\"async\" width=\"175\" height=\"87\" src=\"https:\/\/awsm.pl\/wp-content\/uploads\/2023\/12\/concordia-1-2.svg\" class=\"attachment-logos size-logos\" alt=\"\" \/><\/span><span class=\"logo-img\"><img loading=\"lazy\" decoding=\"async\" width=\"119\" height=\"62\" src=\"https:\/\/awsm.pl\/wp-content\/uploads\/2023\/12\/cropped-ottonova-e-1-1.svg\" class=\"attachment-logos size-logos\" alt=\"\" \/><\/span><span class=\"logo-img\"><img loading=\"lazy\" decoding=\"async\" width=\"179\" height=\"90\" src=\"https:\/\/awsm.pl\/wp-content\/uploads\/2023\/12\/inter-1-1.svg\" class=\"attachment-logos size-logos\" alt=\"\" \/><\/span><span class=\"logo-img\"><img loading=\"lazy\" decoding=\"async\" width=\"158\" height=\"80\" src=\"https:\/\/awsm.pl\/wp-content\/uploads\/2023\/12\/central-1-2.svg\" class=\"attachment-logos size-logos\" alt=\"\" \/><\/span><span class=\"logo-img\"><img loading=\"lazy\" decoding=\"async\" width=\"178\" height=\"90\" src=\"https:\/\/awsm.pl\/wp-content\/uploads\/2023\/12\/concordia-1-1.svg\" class=\"attachment-logos size-logos\" alt=\"\" \/><\/span><\/div><div class=\"logos-container\"><span class=\"logo-img\"><img decoding=\"async\" width=\"143\" height=\"73\" src=\"https:\/\/awsm.pl\/wp-content\/uploads\/2023\/12\/msg-1-e1581941444670-1.svg\" class=\"attachment-logos size-logos\" alt=\"\" \/><\/span><span class=\"logo-img\"><img decoding=\"async\" width=\"165\" height=\"84\" src=\"https:\/\/awsm.pl\/wp-content\/uploads\/2023\/12\/munich-1-1.svg\" class=\"attachment-logos size-logos\" alt=\"\" \/><\/span><span class=\"logo-img\"><img loading=\"lazy\" decoding=\"async\" width=\"175\" height=\"87\" src=\"https:\/\/awsm.pl\/wp-content\/uploads\/2023\/12\/concordia-1-2.svg\" class=\"attachment-logos size-logos\" alt=\"\" \/><\/span><span class=\"logo-img\"><img loading=\"lazy\" decoding=\"async\" width=\"119\" height=\"62\" src=\"https:\/\/awsm.pl\/wp-content\/uploads\/2023\/12\/cropped-ottonova-e-1-1.svg\" class=\"attachment-logos size-logos\" alt=\"\" \/><\/span><span class=\"logo-img\"><img loading=\"lazy\" decoding=\"async\" width=\"179\" height=\"90\" src=\"https:\/\/awsm.pl\/wp-content\/uploads\/2023\/12\/inter-1-1.svg\" class=\"attachment-logos size-logos\" alt=\"\" \/><\/span><span class=\"logo-img\"><img loading=\"lazy\" decoding=\"async\" width=\"158\" height=\"80\" src=\"https:\/\/awsm.pl\/wp-content\/uploads\/2023\/12\/central-1-2.svg\" class=\"attachment-logos size-logos\" alt=\"\" \/><\/span><span class=\"logo-img\"><img loading=\"lazy\" decoding=\"async\" width=\"178\" height=\"90\" src=\"https:\/\/awsm.pl\/wp-content\/uploads\/2023\/12\/concordia-1-1.svg\" class=\"attachment-logos size-logos\" alt=\"\" \/><\/span><\/div><div class=\"logos-container\"><span class=\"logo-img\"><img decoding=\"async\" width=\"143\" height=\"73\" src=\"https:\/\/awsm.pl\/wp-content\/uploads\/2023\/12\/msg-1-e1581941444670-1.svg\" class=\"attachment-logos size-logos\" alt=\"\" \/><\/span><span class=\"logo-img\"><img decoding=\"async\" width=\"165\" height=\"84\" src=\"https:\/\/awsm.pl\/wp-content\/uploads\/2023\/12\/munich-1-1.svg\" class=\"attachment-logos size-logos\" alt=\"\" \/><\/span><span class=\"logo-img\"><img loading=\"lazy\" decoding=\"async\" width=\"175\" height=\"87\" src=\"https:\/\/awsm.pl\/wp-content\/uploads\/2023\/12\/concordia-1-2.svg\" class=\"attachment-logos size-logos\" alt=\"\" \/><\/span><span class=\"logo-img\"><img loading=\"lazy\" decoding=\"async\" width=\"119\" height=\"62\" src=\"https:\/\/awsm.pl\/wp-content\/uploads\/2023\/12\/cropped-ottonova-e-1-1.svg\" class=\"attachment-logos size-logos\" alt=\"\" \/><\/span><span class=\"logo-img\"><img loading=\"lazy\" decoding=\"async\" width=\"179\" height=\"90\" src=\"https:\/\/awsm.pl\/wp-content\/uploads\/2023\/12\/inter-1-1.svg\" class=\"attachment-logos size-logos\" alt=\"\" \/><\/span><span class=\"logo-img\"><img loading=\"lazy\" decoding=\"async\" width=\"158\" height=\"80\" src=\"https:\/\/awsm.pl\/wp-content\/uploads\/2023\/12\/central-1-2.svg\" class=\"attachment-logos size-logos\" alt=\"\" \/><\/span><span class=\"logo-img\"><img loading=\"lazy\" decoding=\"async\" width=\"178\" height=\"90\" src=\"https:\/\/awsm.pl\/wp-content\/uploads\/2023\/12\/concordia-1-1.svg\" class=\"attachment-logos size-logos\" alt=\"\" \/><\/span><\/div><div class=\"logos-container\"><span class=\"logo-img\"><img decoding=\"async\" width=\"143\" height=\"73\" src=\"https:\/\/awsm.pl\/wp-content\/uploads\/2023\/12\/msg-1-e1581941444670-1.svg\" class=\"attachment-logos size-logos\" alt=\"\" \/><\/span><span class=\"logo-img\"><img decoding=\"async\" width=\"165\" height=\"84\" src=\"https:\/\/awsm.pl\/wp-content\/uploads\/2023\/12\/munich-1-1.svg\" class=\"attachment-logos size-logos\" alt=\"\" \/><\/span><span class=\"logo-img\"><img loading=\"lazy\" decoding=\"async\" width=\"175\" height=\"87\" src=\"https:\/\/awsm.pl\/wp-content\/uploads\/2023\/12\/concordia-1-2.svg\" class=\"attachment-logos size-logos\" alt=\"\" \/><\/span><span class=\"logo-img\"><img loading=\"lazy\" decoding=\"async\" width=\"119\" height=\"62\" src=\"https:\/\/awsm.pl\/wp-content\/uploads\/2023\/12\/cropped-ottonova-e-1-1.svg\" class=\"attachment-logos size-logos\" alt=\"\" \/><\/span><span class=\"logo-img\"><img loading=\"lazy\" decoding=\"async\" width=\"179\" height=\"90\" src=\"https:\/\/awsm.pl\/wp-content\/uploads\/2023\/12\/inter-1-1.svg\" class=\"attachment-logos size-logos\" alt=\"\" \/><\/span><span class=\"logo-img\"><img loading=\"lazy\" decoding=\"async\" width=\"158\" height=\"80\" src=\"https:\/\/awsm.pl\/wp-content\/uploads\/2023\/12\/central-1-2.svg\" class=\"attachment-logos size-logos\" alt=\"\" \/><\/span><span class=\"logo-img\"><img loading=\"lazy\" decoding=\"async\" width=\"178\" height=\"90\" src=\"https:\/\/awsm.pl\/wp-content\/uploads\/2023\/12\/concordia-1-1.svg\" class=\"attachment-logos size-logos\" alt=\"\" \/><\/span><\/div><div class=\"logos-container\"><span class=\"logo-img\"><img decoding=\"async\" width=\"143\" height=\"73\" src=\"https:\/\/awsm.pl\/wp-content\/uploads\/2023\/12\/msg-1-e1581941444670-1.svg\" class=\"attachment-logos size-logos\" alt=\"\" \/><\/span><span class=\"logo-img\"><img decoding=\"async\" width=\"165\" height=\"84\" src=\"https:\/\/awsm.pl\/wp-content\/uploads\/2023\/12\/munich-1-1.svg\" class=\"attachment-logos size-logos\" alt=\"\" \/><\/span><span class=\"logo-img\"><img loading=\"lazy\" decoding=\"async\" width=\"175\" height=\"87\" src=\"https:\/\/awsm.pl\/wp-content\/uploads\/2023\/12\/concordia-1-2.svg\" class=\"attachment-logos size-logos\" alt=\"\" \/><\/span><span class=\"logo-img\"><img loading=\"lazy\" decoding=\"async\" width=\"119\" height=\"62\" src=\"https:\/\/awsm.pl\/wp-content\/uploads\/2023\/12\/cropped-ottonova-e-1-1.svg\" class=\"attachment-logos size-logos\" alt=\"\" \/><\/span><span class=\"logo-img\"><img loading=\"lazy\" decoding=\"async\" width=\"179\" height=\"90\" src=\"https:\/\/awsm.pl\/wp-content\/uploads\/2023\/12\/inter-1-1.svg\" class=\"attachment-logos size-logos\" alt=\"\" \/><\/span><span class=\"logo-img\"><img loading=\"lazy\" decoding=\"async\" width=\"158\" height=\"80\" src=\"https:\/\/awsm.pl\/wp-content\/uploads\/2023\/12\/central-1-2.svg\" class=\"attachment-logos size-logos\" alt=\"\" \/><\/span><span class=\"logo-img\"><img loading=\"lazy\" decoding=\"async\" width=\"178\" height=\"90\" src=\"https:\/\/awsm.pl\/wp-content\/uploads\/2023\/12\/concordia-1-1.svg\" class=\"attachment-logos size-logos\" alt=\"\" \/><\/span><\/div>\r\n            <\/div>\r\n        <\/div>\r\n    <\/div>\r\n<\/section>\t\t\t\t<\/div>\n\t\t\t\t<\/div>\n\t\t\t\t\t<\/div>\n\t\t<\/div>\n\t\t\t\t\t<\/div>\n\t\t<\/section>\n\t\t\t\t<section class=\"elementor-section elementor-top-section elementor-element elementor-element-9b6243e elementor-section-boxed elementor-section-height-default elementor-section-height-default\" data-id=\"9b6243e\" data-element_type=\"section\" data-e-type=\"section\">\n\t\t\t\t\t\t<div class=\"elementor-container elementor-column-gap-default\">\n\t\t\t\t\t<div class=\"elementor-column elementor-col-100 elementor-top-column elementor-element elementor-element-a92be47\" data-id=\"a92be47\" data-element_type=\"column\" data-e-type=\"column\">\n\t\t\t<div class=\"elementor-widget-wrap elementor-element-populated\">\n\t\t\t\t\t\t<div class=\"elementor-element elementor-element-893f6eb elementor-widget elementor-widget-contact-link\" data-id=\"893f6eb\" data-element_type=\"widget\" data-e-type=\"widget\" data-widget_type=\"contact-link.default\">\n\t\t\t\t<div class=\"elementor-widget-container\">\n\t\t\t\t\t\r\n\r\n<section\r\n    class=\"section section-contact-link small-margin-top small-margin-bottom\">\r\n    <div class=\"container  bottom\">\r\n                    <div class=\"wysiwyg h2-text color-1\">\r\n                <p>Interessiert an&nbsp;einer Zusammenarbeit?<\/p>            <\/div>\r\n                            <a href=\" https:\/\/awsm.pl\/de\/kontakt\/\" class=\"link-4\" >\r\n                Nehmen Sie Kontakt mit uns auf            <\/a>\r\n            <\/div>\r\n<\/section>\t\t\t\t<\/div>\n\t\t\t\t<\/div>\n\t\t\t\t\t<\/div>\n\t\t<\/div>\n\t\t\t\t\t<\/div>\n\t\t<\/section>\n\t\t\t\t<\/div>\n\t\t","protected":false},"excerpt":{"rendered":"<p>\u00dcber Uns Wir sind AWSM, Ihr Partner auf der suche nach Werten in&nbsp;der Technologie-Welt F\u00fcr uns bei AWSM ist Erfolg in&nbsp;der Technologie nicht nur auf fortschrittliche Technologien, sondern auch auf eine starke zwischenmenschliche Kommunikation zur\u00fcckzuf\u00fchren. Wir glauben, dass Kommunikation der Schl\u00fcssel zu&nbsp;einer effektiven Zusammenarbeit und herausragenden Ergebnissen ist. Daher haben [&hellip;]<\/p>\n","protected":false},"author":2,"featured_media":0,"parent":0,"menu_order":0,"comment_status":"closed","ping_status":"closed","template":"","meta":{"_acf_changed":false},"class_list":["post-1740","page","type-page","status-publish","hentry"],"acf":[],"_links":{"self":[{"href":"https:\/\/awsm.pl\/de\/wp-json\/wp\/v2\/pages\/1740","targetHints":{"allow":["GET"]}}],"collection":[{"href":"https:\/\/awsm.pl\/de\/wp-json\/wp\/v2\/pages"}],"about":[{"href":"https:\/\/awsm.pl\/de\/wp-json\/wp\/v2\/types\/page"}],"author":[{"embeddable":true,"href":"https:\/\/awsm.pl\/de\/wp-json\/wp\/v2\/users\/2"}],"replies":[{"embeddable":true,"href":"https:\/\/awsm.pl\/de\/wp-json\/wp\/v2\/comments?post=1740"}],"version-history":[{"count":25,"href":"https:\/\/awsm.pl\/de\/wp-json\/wp\/v2\/pages\/1740\/revisions"}],"predecessor-version":[{"id":3235,"href":"https:\/\/awsm.pl\/de\/wp-json\/wp\/v2\/pages\/1740\/revisions\/3235"}],"wp:attachment":[{"href":"https:\/\/awsm.pl\/de\/wp-json\/wp\/v2\/media?parent=1740"}],"curies":[{"name":"wp","href":"https:\/\/api.w.org\/{rel}","templated":true}]}}