{"id":1736,"date":"2023-12-08T12:52:34","date_gmt":"2023-12-08T11:52:34","guid":{"rendered":"https:\/\/awsm.pl\/polityka-prywatnosci\/"},"modified":"2024-02-06T08:06:10","modified_gmt":"2024-02-06T07:06:10","slug":"impressum","status":"publish","type":"page","link":"https:\/\/awsm.pl\/de\/impressum\/","title":{"rendered":"Impressum"},"content":{"rendered":"\t\t<div data-elementor-type=\"wp-page\" data-elementor-id=\"1736\" class=\"elementor elementor-1736 elementor-1364\">\n\t\t\t\t\t\t<section class=\"elementor-section elementor-top-section elementor-element elementor-element-7d54137 elementor-section-boxed elementor-section-height-default elementor-section-height-default\" data-id=\"7d54137\" data-element_type=\"section\" data-e-type=\"section\">\n\t\t\t\t\t\t<div class=\"elementor-container elementor-column-gap-default\">\n\t\t\t\t\t<div class=\"elementor-column elementor-col-100 elementor-top-column elementor-element elementor-element-eff7ef1\" data-id=\"eff7ef1\" data-element_type=\"column\" data-e-type=\"column\">\n\t\t\t<div class=\"elementor-widget-wrap elementor-element-populated\">\n\t\t\t\t\t\t<div class=\"elementor-element elementor-element-ddffcc1 elementor-widget elementor-widget-header-txt\" data-id=\"ddffcc1\" data-element_type=\"widget\" data-e-type=\"widget\" data-widget_type=\"header-txt.default\">\n\t\t\t\t<div class=\"elementor-widget-container\">\n\t\t\t\t\t<section class=\"section section-header-txt standard-margin-top none-margin-bottom\">\r\n    <div class=\"container\">\r\n                            <div class=\"wysiwyg h1-text two\">\r\n                <p>Datenschutz <span style=\"text-decoration: underline;\">Impressum<\/span><\/p>\n            <\/div>\r\n                <div class=\"container-desc\">\r\n                            <div class=\"h5-text\">\r\n                    Haftungshinweise                <\/div>\r\n                                        <div class=\"desc font-family2 light\">\r\n                    Trotz sorgf\u00e4ltiger inhaltlicher Kontrolle \u00fcbernehmen wir keine Haftung f\u00fcr die Inhalte externer Links. F\u00fcr den Inhalt der verlinkten Seiten sind ausschlie\u00dflich deren Betreiber verantwortlich.\n\nDer Nutzung von im&nbsp;Rahmen der Impressumspflicht ver\u00f6ffentlichten Kontaktdaten durch Dritte zur \u00dcbersendung von nicht ausdr\u00fccklich angeforderter Werbung und Informationsmaterialien wird hiermit ausdr\u00fccklich widersprochen.\n\nInhalte dieser Webseite d\u00fcrfen ohne ausdr\u00fcckliche schriftliche Genehmigung nicht zu&nbsp;kommerziellen Zwecken kopiert, verbreitet, ver\u00e4ndert oder Dritten zug\u00e4nglich gemacht werden. Ohne die vorherige ausdr\u00fcckliche schriftliche Genehmigung von AWSM Systems d\u00fcrfen Sie keine Verfahren anwenden, um&nbsp;Marken, Logos oder andere eigentumsrechtlich gesch\u00fctzte Informationen (einschlie\u00dflich Text, Grafiken oder Seitenlayout) von AWSM Systems einzubinden.\n\nDie durch die Seitenbetreiber erstellten Inhalte und Werke auf diesen Seiten unterliegen dem polnischen Urheberrecht. Die Vervielf\u00e4ltigung, Bearbeitung, Verbreitung und jede Art der Verwertung au\u00dferhalb der Grenzen des Urheberrechtes bed\u00fcrfen der schriftlichen Zustimmung des jeweiligen Autors bzw. Erstellers. Downloads und Kopien dieser Seite sind nur f\u00fcr den privaten, nicht kommerziellen Gebrauch gestattet. Soweit die Inhalte auf dieser Seite nicht vom Betreiber erstellt wurden, werden die Urheberrechte Dritter beachtet. Insbesondere werden Inhalte Dritter als solche gekennzeichnet. Sollten Sie trotzdem auf eine Urheberrechtsverletzung aufmerksam werden, bitten wir um&nbsp;einen entsprechenden Hinweis. Bei Bekanntwerden von Rechtsverletzungen werden wir derartige Inhalte umgehend entfernen.                <\/div>\r\n                        \r\n        <\/div>\r\n    <\/div>\r\n<\/section>\t\t\t\t<\/div>\n\t\t\t\t<\/div>\n\t\t\t\t<div class=\"elementor-element elementor-element-a08998f elementor-widget elementor-widget-header-txt\" data-id=\"a08998f\" data-element_type=\"widget\" data-e-type=\"widget\" data-widget_type=\"header-txt.default\">\n\t\t\t\t<div class=\"elementor-widget-container\">\n\t\t\t\t\t<section class=\"section section-header-txt standard-margin-top none-margin-bottom\">\r\n    <div class=\"container\">\r\n                        <div class=\"container-desc\">\r\n                            <div class=\"h5-text\">\r\n                    Haftungsausschluss                <\/div>\r\n                                        <div class=\"desc font-family2 light\">\r\n                    Inhalt der Webpr\u00e4sentation\n<br><br>\nDer Betreiber \u00fcbernimmt keinerlei Gew\u00e4hr f\u00fcr die Aktualit\u00e4t, Richtigkeit, Vollst\u00e4ndigkeit oder Qualit\u00e4t der im&nbsp;Onlineangebot verf\u00fcgbaren Informationen. Haftungsanspr\u00fcche gegen den Verfasser, welche sich auf Sch\u00e4den materieller oder ideeller Art beziehen, die entweder durch die Nutzung oder Nichtnutzung der dargebotenen Inhalte bzw. durch die Nutzung fehlerhafter und unvollst\u00e4ndiger Inhalte verursacht wurden, sind grunds\u00e4tzlich ausgeschlossen, sofern seitens des Betreibers kein nachweislich vors\u00e4tzliches oder grob fahrl\u00e4ssiges Verschulden vorliegt. Alle Angebote sind freibleibend und unverbindlich. Der Betreiber beh\u00e4lt es&nbsp;sich ausdr\u00fccklich vor, einzelne Seiten oder das gesamte Onlineangebot ohne vorhergehende Ank\u00fcndigung zu&nbsp;ver\u00e4ndern, zu&nbsp;erg\u00e4nzen, zu&nbsp;l\u00f6schen oder das Angebot auf bestimmte Zeit oder auch endg\u00fcltig einzustellen.\n<br><br>\nVerweise und Links\n<br><br>\nBei direkten oder indirekten Verweisen auf andere, vor allem fremde Internetseiten, im&nbsp;folgenden auch als \u201cLinks\u201d bezeichnet, die au\u00dferhalb der Zust\u00e4ndigkeit des Betreibers liegen, w\u00fcrde eine Haftungsverpflichtung ausschlie\u00dflich nur in&nbsp;dem Fall in&nbsp;Kraft treten, in&nbsp;dem der Betreiber von den Inhalten und Informationen der Seiten Kenntnis hat und es&nbsp;ihm sowohl technisch m\u00f6glich als auch zumutbar w\u00e4re, die Nutzung im&nbsp;Falle gesetzeswidriger Inhalte und Themen zu&nbsp;unterbinden. Der Verfasser erkl\u00e4rt daher ausdr\u00fccklich, dass zum Zeitpunkt der Verlinkung die entsprechenden Seiten frei von illegalen und rechtswidrigen Inhalten und Angeboten waren. Der Betreiber hat ebenso keinerlei Einfluss auf die aktuelle und zuk\u00fcnftige Gestaltung und auf die Ausrichtung der Inhalte der verlinkten Seiten. Deshalb distanziert er&nbsp;sich hiermit ausdr\u00fccklich von jeglichen Inhalten aller verkn\u00fcpften Webseiten, die nach der Einrichtung des Links ver\u00e4ndert wurden. Diese Feststellung bezieht sich auf alle in&nbsp;der eigenen Internetpr\u00e4sentation gesetzten Links und Verweise sowie auf alle Eintr\u00e4ge in&nbsp;vom Betreiber eingerichteten G\u00e4steb\u00fcchern, Diskussionsforen, Pinnw\u00e4nden und Mailinglisten. F\u00fcr rechtswidrige, unrichtige oder l\u00fcckenhafte Informationen und insbesondere f\u00fcr Sch\u00e4den, die aus der Nutzung oder Nichtnutzung solcherart dargebotener Inhalte entstehen, haftet allein der Anbieter der Webseite, auf welche mittels Link verwiesen wurde, nicht aber derjenige, der durch einen Link auf das jeweilige Onlineangebot lediglich verweist.\n<br><br>\nUrheber- und Kennzeichenrecht (Copyright)\n<br><br>\nDer Herausgeber ist darauf bestrebt, in&nbsp;allen Ver\u00f6ffentlichungen die Urheberrechte der verwendeten Grafiken, Tondokumente, Bildmaterialien, Film- und Videoausschnitte und Texte zu&nbsp;beachten, von ihm selbst angefertigte Grafiken, Tondokumente, Bildmaterialien, Film- und Videoausschnitte und Texte zu&nbsp;nutzen oder auf lizenzfreie Grafiken, Tondokumente, Bildmaterialien, Film- und Videoausschnitte und Texte zur\u00fcckzugreifen. Alle innerhalb des Onlinegebotes genannten und vielleicht durch Dritte gesch\u00fctzten Marken- und Warenzeichen unterliegen uneingeschr\u00e4nkt den Bestimmungen des jeweils g\u00fcltigen Kennzeichenrechts und den Besitzrechten der jeweiligen eingetragenen Eigent\u00fcmer. Ausschlie\u00dflich auf Grund der blo\u00dfen Angabe ist nicht der Schluss zu&nbsp;ziehen, dass Markenzeichen nicht durch Rechte Dritter gesch\u00fctzt sind! Das Copyright f\u00fcr ver\u00f6ffentlichte, vom Betreiber selbst angefertigte Objekte bleibt allein beim Betreiber der Seiten. Eine Vervielf\u00e4ltigung oder Verwendung solcher Grafiken, Tondokumente, Bildmaterialien, Film- und Videoausschnitte und Texte in&nbsp;anderen elektronischen oder gedruckten Medien und Publikationen ist ohne die ausdr\u00fcckliche Erlaubnis des Betreibers nicht gestattet.                <\/div>\r\n                        \r\n        <\/div>\r\n    <\/div>\r\n<\/section>\t\t\t\t<\/div>\n\t\t\t\t<\/div>\n\t\t\t\t\t<\/div>\n\t\t<\/div>\n\t\t\t\t\t<\/div>\n\t\t<\/section>\n\t\t\t\t<\/div>\n\t\t","protected":false},"excerpt":{"rendered":"<p>Datenschutz Impressum Haftungshinweise Trotz sorgf\u00e4ltiger inhaltlicher Kontrolle \u00fcbernehmen wir keine Haftung f\u00fcr die Inhalte externer Links. F\u00fcr den Inhalt der verlinkten Seiten sind ausschlie\u00dflich deren Betreiber verantwortlich. Der Nutzung von im&nbsp;Rahmen der Impressumspflicht ver\u00f6ffentlichten Kontaktdaten durch Dritte zur \u00dcbersendung von nicht ausdr\u00fccklich angeforderter Werbung und Informationsmaterialien wird hiermit ausdr\u00fccklich widersprochen. [&hellip;]<\/p>\n","protected":false},"author":2,"featured_media":0,"parent":0,"menu_order":0,"comment_status":"closed","ping_status":"closed","template":"","meta":{"_acf_changed":false},"class_list":["post-1736","page","type-page","status-publish","hentry"],"acf":[],"_links":{"self":[{"href":"https:\/\/awsm.pl\/de\/wp-json\/wp\/v2\/pages\/1736","targetHints":{"allow":["GET"]}}],"collection":[{"href":"https:\/\/awsm.pl\/de\/wp-json\/wp\/v2\/pages"}],"about":[{"href":"https:\/\/awsm.pl\/de\/wp-json\/wp\/v2\/types\/page"}],"author":[{"embeddable":true,"href":"https:\/\/awsm.pl\/de\/wp-json\/wp\/v2\/users\/2"}],"replies":[{"embeddable":true,"href":"https:\/\/awsm.pl\/de\/wp-json\/wp\/v2\/comments?post=1736"}],"version-history":[{"count":7,"href":"https:\/\/awsm.pl\/de\/wp-json\/wp\/v2\/pages\/1736\/revisions"}],"predecessor-version":[{"id":2123,"href":"https:\/\/awsm.pl\/de\/wp-json\/wp\/v2\/pages\/1736\/revisions\/2123"}],"wp:attachment":[{"href":"https:\/\/awsm.pl\/de\/wp-json\/wp\/v2\/media?parent=1736"}],"curies":[{"name":"wp","href":"https:\/\/api.w.org\/{rel}","templated":true}]}}